{"id":35461,"date":"2025-09-18T10:51:38","date_gmt":"2025-09-18T08:51:38","guid":{"rendered":"https:\/\/www.saporinostri.it\/?post_type=product&#038;p=35461"},"modified":"2025-12-03T17:33:00","modified_gmt":"2025-12-03T16:33:00","slug":"de-nigris-i-fruttati-mango-condimento-con-aceto-balsamico-di-modena-igp","status":"publish","type":"product","link":"https:\/\/www.saporinostri.it\/fr\/de-nigris-i-fruttati-mango-condimento-con-aceto-balsamico-di-modena-igp\/","title":{"rendered":"Vinaigrette \u00e0 la mangue De Nigris i Fruttati au vinaigre balsamique de Mod\u00e8ne IGP"},"content":{"rendered":"<div class=\"ap-wrapper\">\n<div class=\"ap-col f-1\">\n<p data-start=\"85\" data-end=\"396\"><strong data-start=\"67\" data-end=\"153\">Mangue De Nigris i Fruttati \u2013 Vinaigrette au Vinaigre Balsamique de Mod\u00e8ne IGP<\/strong><\/p>\n<\/div>\n<\/div>\n<div class=\"mini-infobox-wrapper\">Un condiment raffin\u00e9 qui allie la fra\u00eecheur du vinaigre de vin \u00e0 la douceur exotique et vive du <strong>mangue<\/strong>La ligne <strong data-start=\"411\" data-end=\"438\">Fruit\u00e9 de De Nigris<\/strong> Il a \u00e9t\u00e9 cr\u00e9\u00e9 pour enrichir les plats de notes aromatiques intenses et surprenantes.<br data-start=\"512\" data-end=\"515\" \/>Id\u00e9al pour les salades estivales, les plats de poissons et de crustac\u00e9s, les viandes blanches et les fromages frais ou affin\u00e9s. \u00c9galement parfait pour les marinades, les sauces et les recettes gastronomiques.<\/div>","protected":false},"excerpt":{"rendered":"<p>La ligne <strong data-start=\"411\" data-end=\"438\">Fruit\u00e9 de De Nigris<\/strong> Il a \u00e9t\u00e9 cr\u00e9\u00e9 pour enrichir les plats de notes aromatiques intenses et surprenantes.<\/p>","protected":false},"featured_media":35465,"comment_status":"open","ping_status":"closed","template":"","meta":{"_acf_changed":false,"inline_featured_image":false,"wprm-recipe-roundup-name":"","wprm-recipe-roundup-description":"","_monsterinsights_skip_tracking":false,"_monsterinsights_sitenote_active":false,"_monsterinsights_sitenote_note":"","_monsterinsights_sitenote_category":0},"pwb-brand":[660],"product_brand":[],"product_cat":[645,582],"product_tag":[],"class_list":{"0":"post-35461","1":"product","2":"type-product","3":"status-publish","4":"has-post-thumbnail","6":"pwb-brand-de-nigris-1889","7":"product_cat-gourmet","8":"product_cat-salse-di-accompagnamento","9":"product_shipping_class-iva-10","11":"first","12":"instock","13":"sale","14":"taxable","15":"shipping-taxable","16":"purchasable","17":"product-type-simple"},"acf":[],"yoast_head":"<!-- This site is optimized with the Yoast SEO Premium plugin v23.7 (Yoast SEO v27.3) - https:\/\/yoast.com\/product\/yoast-seo-premium-wordpress\/ -->\n<title>De Nigris i Fruttati Mango Condimento con Aceto Balsamico<\/title>\n<meta name=\"description\" content=\"Scopri il gusto unico di De Nigris i Fruttati Mango, un condimento con Aceto Balsamico di Modena IGP. Esalta ogni piatto con un sapore avvolgente!\" \/>\n<meta name=\"robots\" content=\"index, follow, max-snippet:-1, max-image-preview:large, max-video-preview:-1\" \/>\n<link rel=\"canonical\" href=\"https:\/\/www.saporinostri.it\/fr\/de-nigris-i-fruttati-mango-condimento-con-aceto-balsamico-di-modena-igp\/\" \/>\n<meta property=\"og:locale\" content=\"fr_FR\" \/>\n<meta property=\"og:type\" content=\"article\" \/>\n<meta property=\"og:title\" content=\"De Nigris i Fruttati Mango Condimento con Aceto Balsamico di Modena IGP\" \/>\n<meta property=\"og:description\" content=\"Scopri il gusto unico di De Nigris i Fruttati Mango, un condimento con Aceto Balsamico di Modena IGP. Esalta ogni piatto con un sapore avvolgente!\" \/>\n<meta property=\"og:url\" content=\"https:\/\/www.saporinostri.it\/fr\/de-nigris-i-fruttati-mango-condimento-con-aceto-balsamico-di-modena-igp\/\" \/>\n<meta property=\"og:site_name\" content=\"Sapori Nostri\" \/>\n<meta property=\"article:publisher\" content=\"https:\/\/www.facebook.com\/saporinostri.it\/\" \/>\n<meta property=\"article:modified_time\" content=\"2025-12-03T16:33:00+00:00\" \/>\n<meta property=\"og:image\" content=\"https:\/\/www.saporinostri.it\/wp-content\/uploads\/2025\/09\/FRUTTATI-MANGO-600x826.png.webp\" \/>\n\t<meta property=\"og:image:width\" content=\"600\" \/>\n\t<meta property=\"og:image:height\" content=\"826\" \/>\n\t<meta property=\"og:image:type\" content=\"image\/webp\" \/>\n<meta name=\"twitter:card\" content=\"summary_large_image\" \/>\n<meta name=\"twitter:label1\" content=\"Prix\" \/>\n\t<meta name=\"twitter:data1\" content=\"&euro;17,99\" \/>\n\t<meta name=\"twitter:label2\" content=\"Disponibilit\u00e9\" \/>\n\t<meta name=\"twitter:data2\" content=\"En stock\" \/>\n<script type=\"application\/ld+json\" class=\"yoast-schema-graph\">{\"@context\":\"https:\\\/\\\/schema.org\",\"@graph\":[{\"@type\":\"WebPage\",\"@id\":\"https:\\\/\\\/www.saporinostri.it\\\/de-nigris-i-fruttati-mango-condimento-con-aceto-balsamico-di-modena-igp\\\/\",\"url\":\"https:\\\/\\\/www.saporinostri.it\\\/de-nigris-i-fruttati-mango-condimento-con-aceto-balsamico-di-modena-igp\\\/\",\"name\":\"De Nigris i Fruttati Mango Condimento con Aceto Balsamico\",\"isPartOf\":{\"@id\":\"https:\\\/\\\/www.saporinostri.it\\\/#website\"},\"primaryImageOfPage\":{\"@id\":\"https:\\\/\\\/www.saporinostri.it\\\/de-nigris-i-fruttati-mango-condimento-con-aceto-balsamico-di-modena-igp\\\/#primaryimage\"},\"image\":{\"@id\":\"https:\\\/\\\/www.saporinostri.it\\\/de-nigris-i-fruttati-mango-condimento-con-aceto-balsamico-di-modena-igp\\\/#primaryimage\"},\"thumbnailUrl\":\"https:\\\/\\\/www.saporinostri.it\\\/wp-content\\\/uploads\\\/2025\\\/09\\\/FRUTTATI-MANGO-600x826.png.webp\",\"datePublished\":\"2025-09-18T08:51:38+00:00\",\"dateModified\":\"2025-12-03T16:33:00+00:00\",\"description\":\"Scopri il gusto unico di De Nigris i Fruttati Mango, un condimento con Aceto Balsamico di Modena IGP. Esalta ogni piatto con un sapore avvolgente!\",\"breadcrumb\":{\"@id\":\"https:\\\/\\\/www.saporinostri.it\\\/de-nigris-i-fruttati-mango-condimento-con-aceto-balsamico-di-modena-igp\\\/#breadcrumb\"},\"inLanguage\":\"fr-FR\",\"potentialAction\":[{\"@type\":\"ReadAction\",\"target\":[\"https:\\\/\\\/www.saporinostri.it\\\/de-nigris-i-fruttati-mango-condimento-con-aceto-balsamico-di-modena-igp\\\/\"]}]},{\"@type\":\"ImageObject\",\"inLanguage\":\"fr-FR\",\"@id\":\"https:\\\/\\\/www.saporinostri.it\\\/de-nigris-i-fruttati-mango-condimento-con-aceto-balsamico-di-modena-igp\\\/#primaryimage\",\"url\":\"https:\\\/\\\/www.saporinostri.it\\\/wp-content\\\/uploads\\\/2025\\\/09\\\/FRUTTATI-MANGO-600x826.png.webp\",\"contentUrl\":\"https:\\\/\\\/www.saporinostri.it\\\/wp-content\\\/uploads\\\/2025\\\/09\\\/FRUTTATI-MANGO-600x826.png.webp\",\"width\":600,\"height\":826},{\"@type\":\"BreadcrumbList\",\"@id\":\"https:\\\/\\\/www.saporinostri.it\\\/de-nigris-i-fruttati-mango-condimento-con-aceto-balsamico-di-modena-igp\\\/#breadcrumb\",\"itemListElement\":[{\"@type\":\"ListItem\",\"position\":1,\"name\":\"Home\",\"item\":\"https:\\\/\\\/www.saporinostri.it\\\/\"},{\"@type\":\"ListItem\",\"position\":2,\"name\":\"Shop\",\"item\":\"https:\\\/\\\/www.saporinostri.it\\\/fr\\\/shop\\\/\"},{\"@type\":\"ListItem\",\"position\":3,\"name\":\"De Nigris i Fruttati Mango Condimento con Aceto Balsamico di Modena IGP\"}]},{\"@type\":\"WebSite\",\"@id\":\"https:\\\/\\\/www.saporinostri.it\\\/#website\",\"url\":\"https:\\\/\\\/www.saporinostri.it\\\/\",\"name\":\"Sapori Nostri\",\"description\":\"\",\"publisher\":{\"@id\":\"https:\\\/\\\/www.saporinostri.it\\\/#organization\"},\"potentialAction\":[{\"@type\":\"SearchAction\",\"target\":{\"@type\":\"EntryPoint\",\"urlTemplate\":\"https:\\\/\\\/www.saporinostri.it\\\/?s={search_term_string}\"},\"query-input\":{\"@type\":\"PropertyValueSpecification\",\"valueRequired\":true,\"valueName\":\"search_term_string\"}}],\"inLanguage\":\"fr-FR\"},{\"@type\":\"Organization\",\"@id\":\"https:\\\/\\\/www.saporinostri.it\\\/#organization\",\"name\":\"Sapori Nostri\",\"url\":\"https:\\\/\\\/www.saporinostri.it\\\/\",\"logo\":{\"@type\":\"ImageObject\",\"inLanguage\":\"fr-FR\",\"@id\":\"https:\\\/\\\/www.saporinostri.it\\\/#\\\/schema\\\/logo\\\/image\\\/\",\"url\":\"https:\\\/\\\/www.saporinostri.it\\\/wp-content\\\/uploads\\\/2020\\\/05\\\/logo-retina.png\",\"contentUrl\":\"https:\\\/\\\/www.saporinostri.it\\\/wp-content\\\/uploads\\\/2020\\\/05\\\/logo-retina.png\",\"width\":500,\"height\":109,\"caption\":\"Sapori Nostri\"},\"image\":{\"@id\":\"https:\\\/\\\/www.saporinostri.it\\\/#\\\/schema\\\/logo\\\/image\\\/\"},\"sameAs\":[\"https:\\\/\\\/www.facebook.com\\\/saporinostri.it\\\/\",\"https:\\\/\\\/www.instagram.com\\\/saporinostri.it\\\/\"]}]}<\/script>\n<meta property=\"product:brand\" content=\"De Nigris 1889\" \/>\n<meta property=\"product:price:amount\" content=\"17.99\" \/>\n<meta property=\"product:price:currency\" content=\"EUR\" \/>\n<meta property=\"og:availability\" content=\"instock\" \/>\n<meta property=\"product:availability\" content=\"instock\" \/>\n<meta property=\"product:retailer_item_id\" content=\"8032754439944\" \/>\n<meta property=\"product:condition\" content=\"new\" \/>\n<!-- \/ Yoast SEO Premium plugin. -->","yoast_head_json":{"title":"Vinaigrette fruit\u00e9e \u00e0 la mangue et au vinaigre balsamique De Nigris","description":"D\u00e9couvrez la saveur unique de la mangue De Nigris i Fruttati, un condiment au vinaigre balsamique de Mod\u00e8ne IGP. Rehaussez tous vos plats de sa saveur enveloppante\u00a0!","robots":{"index":"index","follow":"follow","max-snippet":"max-snippet:-1","max-image-preview":"max-image-preview:large","max-video-preview":"max-video-preview:-1"},"canonical":"https:\/\/www.saporinostri.it\/fr\/de-nigris-i-fruttati-mango-condimento-con-aceto-balsamico-di-modena-igp\/","og_locale":"fr_FR","og_type":"article","og_title":"De Nigris i Fruttati Mango Condimento con Aceto Balsamico di Modena IGP","og_description":"Scopri il gusto unico di De Nigris i Fruttati Mango, un condimento con Aceto Balsamico di Modena IGP. Esalta ogni piatto con un sapore avvolgente!","og_url":"https:\/\/www.saporinostri.it\/fr\/de-nigris-i-fruttati-mango-condimento-con-aceto-balsamico-di-modena-igp\/","og_site_name":"Sapori Nostri","article_publisher":"https:\/\/www.facebook.com\/saporinostri.it\/","article_modified_time":"2025-12-03T16:33:00+00:00","og_image":[{"width":600,"height":826,"url":"https:\/\/www.saporinostri.it\/wp-content\/uploads\/2025\/09\/FRUTTATI-MANGO-600x826.png.webp","type":"image\/webp"}],"twitter_card":"summary_large_image","twitter_misc":{"Prix":"&euro;17,99","Disponibilit\u00e9":"En stock"},"schema":{"@context":"https:\/\/schema.org","@graph":[{"@type":"WebPage","@id":"https:\/\/www.saporinostri.it\/de-nigris-i-fruttati-mango-condimento-con-aceto-balsamico-di-modena-igp\/","url":"https:\/\/www.saporinostri.it\/de-nigris-i-fruttati-mango-condimento-con-aceto-balsamico-di-modena-igp\/","name":"Vinaigrette fruit\u00e9e \u00e0 la mangue et au vinaigre balsamique De Nigris","isPartOf":{"@id":"https:\/\/www.saporinostri.it\/#website"},"primaryImageOfPage":{"@id":"https:\/\/www.saporinostri.it\/de-nigris-i-fruttati-mango-condimento-con-aceto-balsamico-di-modena-igp\/#primaryimage"},"image":{"@id":"https:\/\/www.saporinostri.it\/de-nigris-i-fruttati-mango-condimento-con-aceto-balsamico-di-modena-igp\/#primaryimage"},"thumbnailUrl":"https:\/\/www.saporinostri.it\/wp-content\/uploads\/2025\/09\/FRUTTATI-MANGO-600x826.png.webp","datePublished":"2025-09-18T08:51:38+00:00","dateModified":"2025-12-03T16:33:00+00:00","description":"D\u00e9couvrez la saveur unique de la mangue De Nigris i Fruttati, un condiment au vinaigre balsamique de Mod\u00e8ne IGP. Rehaussez tous vos plats de sa saveur enveloppante\u00a0!","breadcrumb":{"@id":"https:\/\/www.saporinostri.it\/de-nigris-i-fruttati-mango-condimento-con-aceto-balsamico-di-modena-igp\/#breadcrumb"},"inLanguage":"fr-FR","potentialAction":[{"@type":"ReadAction","target":["https:\/\/www.saporinostri.it\/de-nigris-i-fruttati-mango-condimento-con-aceto-balsamico-di-modena-igp\/"]}]},{"@type":"ImageObject","inLanguage":"fr-FR","@id":"https:\/\/www.saporinostri.it\/de-nigris-i-fruttati-mango-condimento-con-aceto-balsamico-di-modena-igp\/#primaryimage","url":"https:\/\/www.saporinostri.it\/wp-content\/uploads\/2025\/09\/FRUTTATI-MANGO-600x826.png.webp","contentUrl":"https:\/\/www.saporinostri.it\/wp-content\/uploads\/2025\/09\/FRUTTATI-MANGO-600x826.png.webp","width":600,"height":826},{"@type":"BreadcrumbList","@id":"https:\/\/www.saporinostri.it\/de-nigris-i-fruttati-mango-condimento-con-aceto-balsamico-di-modena-igp\/#breadcrumb","itemListElement":[{"@type":"ListItem","position":1,"name":"Home","item":"https:\/\/www.saporinostri.it\/"},{"@type":"ListItem","position":2,"name":"Shop","item":"https:\/\/www.saporinostri.it\/fr\/shop\/"},{"@type":"ListItem","position":3,"name":"De Nigris i Fruttati Mango Condimento con Aceto Balsamico di Modena IGP"}]},{"@type":"WebSite","@id":"https:\/\/www.saporinostri.it\/#website","url":"https:\/\/www.saporinostri.it\/","name":"Sapori Nostri","description":"","publisher":{"@id":"https:\/\/www.saporinostri.it\/#organization"},"potentialAction":[{"@type":"SearchAction","target":{"@type":"EntryPoint","urlTemplate":"https:\/\/www.saporinostri.it\/?s={search_term_string}"},"query-input":{"@type":"PropertyValueSpecification","valueRequired":true,"valueName":"search_term_string"}}],"inLanguage":"fr-FR"},{"@type":"Organization","@id":"https:\/\/www.saporinostri.it\/#organization","name":"Sapori Nostri","url":"https:\/\/www.saporinostri.it\/","logo":{"@type":"ImageObject","inLanguage":"fr-FR","@id":"https:\/\/www.saporinostri.it\/#\/schema\/logo\/image\/","url":"https:\/\/www.saporinostri.it\/wp-content\/uploads\/2020\/05\/logo-retina.png","contentUrl":"https:\/\/www.saporinostri.it\/wp-content\/uploads\/2020\/05\/logo-retina.png","width":500,"height":109,"caption":"Sapori Nostri"},"image":{"@id":"https:\/\/www.saporinostri.it\/#\/schema\/logo\/image\/"},"sameAs":["https:\/\/www.facebook.com\/saporinostri.it\/","https:\/\/www.instagram.com\/saporinostri.it\/"]}]},"product_brand":"De Nigris 1889","product_price_amount":"17.99","product_price_currency":"EUR","og_availability":"instock","product_availability":"instock","product_retailer_item_id":"8032754439944","product_condition":"new"},"jetpack_sharing_enabled":true,"brands":[{"id":660,"name":"De Nigris 1889","slug":"de-nigris-1889"}],"_links":{"self":[{"href":"https:\/\/www.saporinostri.it\/fr\/wp-json\/wp\/v2\/product\/35461","targetHints":{"allow":["GET"]}}],"collection":[{"href":"https:\/\/www.saporinostri.it\/fr\/wp-json\/wp\/v2\/product"}],"about":[{"href":"https:\/\/www.saporinostri.it\/fr\/wp-json\/wp\/v2\/types\/product"}],"replies":[{"embeddable":true,"href":"https:\/\/www.saporinostri.it\/fr\/wp-json\/wp\/v2\/comments?post=35461"}],"wp:featuredmedia":[{"embeddable":true,"href":"https:\/\/www.saporinostri.it\/fr\/wp-json\/wp\/v2\/media\/35465"}],"wp:attachment":[{"href":"https:\/\/www.saporinostri.it\/fr\/wp-json\/wp\/v2\/media?parent=35461"}],"wp:term":[{"taxonomy":"pwb-brand","embeddable":true,"href":"https:\/\/www.saporinostri.it\/fr\/wp-json\/wp\/v2\/pwb-brand?post=35461"},{"taxonomy":"product_brand","embeddable":true,"href":"https:\/\/www.saporinostri.it\/fr\/wp-json\/wp\/v2\/product_brand?post=35461"},{"taxonomy":"product_cat","embeddable":true,"href":"https:\/\/www.saporinostri.it\/fr\/wp-json\/wp\/v2\/product_cat?post=35461"},{"taxonomy":"product_tag","embeddable":true,"href":"https:\/\/www.saporinostri.it\/fr\/wp-json\/wp\/v2\/product_tag?post=35461"}],"curies":[{"name":"wp","href":"https:\/\/api.w.org\/{rel}","templated":true}]}}