{"id":37699,"date":"2026-01-16T10:52:34","date_gmt":"2026-01-16T09:52:34","guid":{"rendered":"https:\/\/www.saporinostri.it\/?post_type=product&#038;p=37699"},"modified":"2026-01-16T11:32:39","modified_gmt":"2026-01-16T10:32:39","slug":"acquerello-riso-in-lattina-1kg","status":"publish","type":"product","link":"https:\/\/www.saporinostri.it\/fr\/acquerello-riso-in-lattina-1kg\/","title":{"rendered":"Riz Acquerello en conserve 1 kg"},"content":{"rendered":"<p>Cultiv\u00e9 et conditionn\u00e9 \u00e0 Tenuta Colombara, au c\u0153ur des rizi\u00e8res de Vercelli. Le Riso Acquerello est le premier riz Carnaroli vieilli en Italie, le seul reconstitu\u00e9 de son bourgeon, la partie la plus nutritive du riz.<\/p>\n<p>Apr\u00e8s la r\u00e9colte, le riz est vieilli au moins 1 an dans des silos r\u00e9frig\u00e9r\u00e9s.<\/p>\n<p>Puis affin\u00e9 de mani\u00e8re lente et d\u00e9licate avec l&#039;h\u00e9lice, un proc\u00e9d\u00e9 invent\u00e9 en 1884 et aujourd&#039;hui utilis\u00e9 uniquement par la famille Rondolino.<\/p>\n<p>Avec l&#039;exp\u00e9rience vient l&#039;intuition : les grains se reconstituent avec leur bourgeon, qui contient toutes les substances nutritionnelles les plus pr\u00e9cieuses, ces vitamines et min\u00e9raux contenus uniquement dans le riz brun. Une id\u00e9e prot\u00e9g\u00e9e par un brevet international.<\/p>\n<p>Acquerello est le point d&#039;arriv\u00e9e du riz, gr\u00e2ce \u00e0 ses grains plus nutritifs, fermes et savoureux : une parfaite r\u00e9sistance \u00e0 la cuisson, une absorption optimale des assaisonnements et une polyvalence qui le rend adapt\u00e9 \u00e0 tout type de recette, en pr\u00e9servant toutes les caract\u00e9ristiques du riz .<\/p>","protected":false},"excerpt":{"rendered":"<p>Cultiv\u00e9 et conditionn\u00e9 \u00e0 Tenuta Colombara, au c\u0153ur des rizi\u00e8res de Vercelli. Le Riso Acquerello est le premier riz Carnaroli vieilli en Italie, le seul reconstitu\u00e9 de son bourgeon, la partie la plus nutritive du riz.<\/p>\n<p><strong>Vieillissement:<\/strong> Au moins 1 an<\/p>\n<p><strong>Poids net:<\/strong> 1 kg<\/p>","protected":false},"featured_media":9766,"comment_status":"open","ping_status":"closed","template":"","meta":{"_acf_changed":false,"inline_featured_image":false,"wprm-recipe-roundup-name":"","wprm-recipe-roundup-description":"","_monsterinsights_skip_tracking":false,"_monsterinsights_sitenote_active":false,"_monsterinsights_sitenote_note":"","_monsterinsights_sitenote_category":0},"pwb-brand":[431],"product_brand":[],"product_cat":[407,432],"product_tag":[],"class_list":{"0":"post-37699","1":"product","2":"type-product","3":"status-publish","4":"has-post-thumbnail","6":"pwb-brand-acquerello","7":"product_cat-pasta-artigianale","8":"product_cat-riso","10":"first","11":"instock","12":"sale","13":"taxable","14":"shipping-taxable","15":"purchasable","16":"product-type-simple"},"acf":[],"yoast_head":"<!-- This site is optimized with the Yoast SEO Premium plugin v23.7 (Yoast SEO v27.3) - https:\/\/yoast.com\/product\/yoast-seo-premium-wordpress\/ -->\n<title>Acquerello Riso in Lattina 1Kg - Sapori Nostri<\/title>\n<meta name=\"description\" content=\"Riso Acquerello \u00e8 il primo riso Carnaroli invecchiato in Italia, l&#039;unico reintegrato con la sua gemma, la parte pi\u00f9 nutriente del riso.\" \/>\n<meta name=\"robots\" content=\"index, follow, max-snippet:-1, max-image-preview:large, max-video-preview:-1\" \/>\n<link rel=\"canonical\" href=\"https:\/\/www.saporinostri.it\/fr\/acquerello-riso-in-lattina-1kg\/\" \/>\n<meta property=\"og:locale\" content=\"fr_FR\" \/>\n<meta property=\"og:type\" content=\"article\" \/>\n<meta property=\"og:title\" content=\"Acquerello Riso in Lattina 1Kg\" \/>\n<meta property=\"og:description\" content=\"Riso Acquerello \u00e8 il primo riso Carnaroli invecchiato in Italia, l&#039;unico reintegrato con la sua gemma, la parte pi\u00f9 nutriente del riso.\" \/>\n<meta property=\"og:url\" content=\"https:\/\/www.saporinostri.it\/fr\/acquerello-riso-in-lattina-1kg\/\" \/>\n<meta property=\"og:site_name\" content=\"Sapori Nostri\" \/>\n<meta property=\"article:publisher\" content=\"https:\/\/www.facebook.com\/saporinostri.it\/\" \/>\n<meta property=\"article:modified_time\" content=\"2026-01-16T10:32:39+00:00\" \/>\n<meta property=\"og:image\" content=\"https:\/\/www.saporinostri.it\/wp-content\/uploads\/2021\/03\/riso-acquerello-front.jpg\" \/>\n\t<meta property=\"og:image:width\" content=\"1100\" \/>\n\t<meta property=\"og:image:height\" content=\"1100\" \/>\n\t<meta property=\"og:image:type\" content=\"image\/jpeg\" \/>\n<meta name=\"twitter:card\" content=\"summary_large_image\" \/>\n<meta name=\"twitter:label1\" content=\"Prix\" \/>\n\t<meta name=\"twitter:data1\" content=\"&euro;18,99\" \/>\n\t<meta name=\"twitter:label2\" content=\"Disponibilit\u00e9\" \/>\n\t<meta name=\"twitter:data2\" content=\"En stock\" \/>\n<script type=\"application\/ld+json\" class=\"yoast-schema-graph\">{\"@context\":\"https:\\\/\\\/schema.org\",\"@graph\":[{\"@type\":\"WebPage\",\"@id\":\"https:\\\/\\\/www.saporinostri.it\\\/acquerello-riso-in-lattina-1kg\\\/\",\"url\":\"https:\\\/\\\/www.saporinostri.it\\\/acquerello-riso-in-lattina-1kg\\\/\",\"name\":\"Acquerello Riso in Lattina 1Kg - Sapori Nostri\",\"isPartOf\":{\"@id\":\"https:\\\/\\\/www.saporinostri.it\\\/#website\"},\"primaryImageOfPage\":{\"@id\":\"https:\\\/\\\/www.saporinostri.it\\\/acquerello-riso-in-lattina-1kg\\\/#primaryimage\"},\"image\":{\"@id\":\"https:\\\/\\\/www.saporinostri.it\\\/acquerello-riso-in-lattina-1kg\\\/#primaryimage\"},\"thumbnailUrl\":\"https:\\\/\\\/www.saporinostri.it\\\/wp-content\\\/uploads\\\/2021\\\/03\\\/riso-acquerello-front.jpg\",\"datePublished\":\"2026-01-16T09:52:34+00:00\",\"dateModified\":\"2026-01-16T10:32:39+00:00\",\"description\":\"Riso Acquerello \u00e8 il primo riso Carnaroli invecchiato in Italia, l'unico reintegrato con la sua gemma, la parte pi\u00f9 nutriente del riso.\",\"breadcrumb\":{\"@id\":\"https:\\\/\\\/www.saporinostri.it\\\/acquerello-riso-in-lattina-1kg\\\/#breadcrumb\"},\"inLanguage\":\"fr-FR\",\"potentialAction\":[{\"@type\":\"ReadAction\",\"target\":[\"https:\\\/\\\/www.saporinostri.it\\\/acquerello-riso-in-lattina-1kg\\\/\"]}]},{\"@type\":\"ImageObject\",\"inLanguage\":\"fr-FR\",\"@id\":\"https:\\\/\\\/www.saporinostri.it\\\/acquerello-riso-in-lattina-1kg\\\/#primaryimage\",\"url\":\"https:\\\/\\\/www.saporinostri.it\\\/wp-content\\\/uploads\\\/2021\\\/03\\\/riso-acquerello-front.jpg\",\"contentUrl\":\"https:\\\/\\\/www.saporinostri.it\\\/wp-content\\\/uploads\\\/2021\\\/03\\\/riso-acquerello-front.jpg\",\"width\":1100,\"height\":1100,\"caption\":\"Acquerello Riso in Lattina 500g\"},{\"@type\":\"BreadcrumbList\",\"@id\":\"https:\\\/\\\/www.saporinostri.it\\\/acquerello-riso-in-lattina-1kg\\\/#breadcrumb\",\"itemListElement\":[{\"@type\":\"ListItem\",\"position\":1,\"name\":\"Home\",\"item\":\"https:\\\/\\\/www.saporinostri.it\\\/\"},{\"@type\":\"ListItem\",\"position\":2,\"name\":\"Shop\",\"item\":\"https:\\\/\\\/www.saporinostri.it\\\/fr\\\/shop\\\/\"},{\"@type\":\"ListItem\",\"position\":3,\"name\":\"Acquerello Riso in Lattina 1Kg\"}]},{\"@type\":\"WebSite\",\"@id\":\"https:\\\/\\\/www.saporinostri.it\\\/#website\",\"url\":\"https:\\\/\\\/www.saporinostri.it\\\/\",\"name\":\"Sapori Nostri\",\"description\":\"\",\"publisher\":{\"@id\":\"https:\\\/\\\/www.saporinostri.it\\\/#organization\"},\"potentialAction\":[{\"@type\":\"SearchAction\",\"target\":{\"@type\":\"EntryPoint\",\"urlTemplate\":\"https:\\\/\\\/www.saporinostri.it\\\/?s={search_term_string}\"},\"query-input\":{\"@type\":\"PropertyValueSpecification\",\"valueRequired\":true,\"valueName\":\"search_term_string\"}}],\"inLanguage\":\"fr-FR\"},{\"@type\":\"Organization\",\"@id\":\"https:\\\/\\\/www.saporinostri.it\\\/#organization\",\"name\":\"Sapori Nostri\",\"url\":\"https:\\\/\\\/www.saporinostri.it\\\/\",\"logo\":{\"@type\":\"ImageObject\",\"inLanguage\":\"fr-FR\",\"@id\":\"https:\\\/\\\/www.saporinostri.it\\\/#\\\/schema\\\/logo\\\/image\\\/\",\"url\":\"https:\\\/\\\/www.saporinostri.it\\\/wp-content\\\/uploads\\\/2020\\\/05\\\/logo-retina.png\",\"contentUrl\":\"https:\\\/\\\/www.saporinostri.it\\\/wp-content\\\/uploads\\\/2020\\\/05\\\/logo-retina.png\",\"width\":500,\"height\":109,\"caption\":\"Sapori Nostri\"},\"image\":{\"@id\":\"https:\\\/\\\/www.saporinostri.it\\\/#\\\/schema\\\/logo\\\/image\\\/\"},\"sameAs\":[\"https:\\\/\\\/www.facebook.com\\\/saporinostri.it\\\/\",\"https:\\\/\\\/www.instagram.com\\\/saporinostri.it\\\/\"]}]}<\/script>\n<meta property=\"product:brand\" content=\"Acquerello\" \/>\n<meta property=\"product:price:amount\" content=\"18.99\" \/>\n<meta property=\"product:price:currency\" content=\"EUR\" \/>\n<meta property=\"og:availability\" content=\"instock\" \/>\n<meta property=\"product:availability\" content=\"instock\" \/>\n<meta property=\"product:retailer_item_id\" content=\"8012778000016\" \/>\n<meta property=\"product:condition\" content=\"new\" \/>\n<!-- \/ Yoast SEO Premium plugin. -->","yoast_head_json":{"title":"Riz Acquerello en Bo\u00eete 1Kg - Sapori Nostri","description":"Le riz Acquerello est le premier riz Carnaroli vieilli d&#039;Italie, le seul dont les grains, la partie la plus nutritive du riz, ont \u00e9t\u00e9 r\u00e9int\u00e9gr\u00e9s.","robots":{"index":"index","follow":"follow","max-snippet":"max-snippet:-1","max-image-preview":"max-image-preview:large","max-video-preview":"max-video-preview:-1"},"canonical":"https:\/\/www.saporinostri.it\/fr\/acquerello-riso-in-lattina-1kg\/","og_locale":"fr_FR","og_type":"article","og_title":"Acquerello Riso in Lattina 1Kg","og_description":"Riso Acquerello \u00e8 il primo riso Carnaroli invecchiato in Italia, l'unico reintegrato con la sua gemma, la parte pi\u00f9 nutriente del riso.","og_url":"https:\/\/www.saporinostri.it\/fr\/acquerello-riso-in-lattina-1kg\/","og_site_name":"Sapori Nostri","article_publisher":"https:\/\/www.facebook.com\/saporinostri.it\/","article_modified_time":"2026-01-16T10:32:39+00:00","og_image":[{"width":1100,"height":1100,"url":"https:\/\/www.saporinostri.it\/wp-content\/uploads\/2021\/03\/riso-acquerello-front.jpg","type":"image\/jpeg"}],"twitter_card":"summary_large_image","twitter_misc":{"Prix":"&euro;18,99","Disponibilit\u00e9":"En stock"},"schema":{"@context":"https:\/\/schema.org","@graph":[{"@type":"WebPage","@id":"https:\/\/www.saporinostri.it\/acquerello-riso-in-lattina-1kg\/","url":"https:\/\/www.saporinostri.it\/acquerello-riso-in-lattina-1kg\/","name":"Riz Acquerello en Bo\u00eete 1Kg - Sapori Nostri","isPartOf":{"@id":"https:\/\/www.saporinostri.it\/#website"},"primaryImageOfPage":{"@id":"https:\/\/www.saporinostri.it\/acquerello-riso-in-lattina-1kg\/#primaryimage"},"image":{"@id":"https:\/\/www.saporinostri.it\/acquerello-riso-in-lattina-1kg\/#primaryimage"},"thumbnailUrl":"https:\/\/www.saporinostri.it\/wp-content\/uploads\/2021\/03\/riso-acquerello-front.jpg","datePublished":"2026-01-16T09:52:34+00:00","dateModified":"2026-01-16T10:32:39+00:00","description":"Le riz Acquerello est le premier riz Carnaroli vieilli d&#039;Italie, le seul dont les grains, la partie la plus nutritive du riz, ont \u00e9t\u00e9 r\u00e9int\u00e9gr\u00e9s.","breadcrumb":{"@id":"https:\/\/www.saporinostri.it\/acquerello-riso-in-lattina-1kg\/#breadcrumb"},"inLanguage":"fr-FR","potentialAction":[{"@type":"ReadAction","target":["https:\/\/www.saporinostri.it\/acquerello-riso-in-lattina-1kg\/"]}]},{"@type":"ImageObject","inLanguage":"fr-FR","@id":"https:\/\/www.saporinostri.it\/acquerello-riso-in-lattina-1kg\/#primaryimage","url":"https:\/\/www.saporinostri.it\/wp-content\/uploads\/2021\/03\/riso-acquerello-front.jpg","contentUrl":"https:\/\/www.saporinostri.it\/wp-content\/uploads\/2021\/03\/riso-acquerello-front.jpg","width":1100,"height":1100,"caption":"Acquerello Riso in Lattina 500g"},{"@type":"BreadcrumbList","@id":"https:\/\/www.saporinostri.it\/acquerello-riso-in-lattina-1kg\/#breadcrumb","itemListElement":[{"@type":"ListItem","position":1,"name":"Home","item":"https:\/\/www.saporinostri.it\/"},{"@type":"ListItem","position":2,"name":"Shop","item":"https:\/\/www.saporinostri.it\/fr\/shop\/"},{"@type":"ListItem","position":3,"name":"Acquerello Riso in Lattina 1Kg"}]},{"@type":"WebSite","@id":"https:\/\/www.saporinostri.it\/#website","url":"https:\/\/www.saporinostri.it\/","name":"Sapori Nostri","description":"","publisher":{"@id":"https:\/\/www.saporinostri.it\/#organization"},"potentialAction":[{"@type":"SearchAction","target":{"@type":"EntryPoint","urlTemplate":"https:\/\/www.saporinostri.it\/?s={search_term_string}"},"query-input":{"@type":"PropertyValueSpecification","valueRequired":true,"valueName":"search_term_string"}}],"inLanguage":"fr-FR"},{"@type":"Organization","@id":"https:\/\/www.saporinostri.it\/#organization","name":"Sapori Nostri","url":"https:\/\/www.saporinostri.it\/","logo":{"@type":"ImageObject","inLanguage":"fr-FR","@id":"https:\/\/www.saporinostri.it\/#\/schema\/logo\/image\/","url":"https:\/\/www.saporinostri.it\/wp-content\/uploads\/2020\/05\/logo-retina.png","contentUrl":"https:\/\/www.saporinostri.it\/wp-content\/uploads\/2020\/05\/logo-retina.png","width":500,"height":109,"caption":"Sapori Nostri"},"image":{"@id":"https:\/\/www.saporinostri.it\/#\/schema\/logo\/image\/"},"sameAs":["https:\/\/www.facebook.com\/saporinostri.it\/","https:\/\/www.instagram.com\/saporinostri.it\/"]}]},"product_brand":"Acquerello","product_price_amount":"18.99","product_price_currency":"EUR","og_availability":"instock","product_availability":"instock","product_retailer_item_id":"8012778000016","product_condition":"new"},"jetpack_sharing_enabled":true,"brands":[{"id":431,"name":"Aquarelle","slug":"acquerello"}],"_links":{"self":[{"href":"https:\/\/www.saporinostri.it\/fr\/wp-json\/wp\/v2\/product\/37699","targetHints":{"allow":["GET"]}}],"collection":[{"href":"https:\/\/www.saporinostri.it\/fr\/wp-json\/wp\/v2\/product"}],"about":[{"href":"https:\/\/www.saporinostri.it\/fr\/wp-json\/wp\/v2\/types\/product"}],"replies":[{"embeddable":true,"href":"https:\/\/www.saporinostri.it\/fr\/wp-json\/wp\/v2\/comments?post=37699"}],"wp:featuredmedia":[{"embeddable":true,"href":"https:\/\/www.saporinostri.it\/fr\/wp-json\/wp\/v2\/media\/9766"}],"wp:attachment":[{"href":"https:\/\/www.saporinostri.it\/fr\/wp-json\/wp\/v2\/media?parent=37699"}],"wp:term":[{"taxonomy":"pwb-brand","embeddable":true,"href":"https:\/\/www.saporinostri.it\/fr\/wp-json\/wp\/v2\/pwb-brand?post=37699"},{"taxonomy":"product_brand","embeddable":true,"href":"https:\/\/www.saporinostri.it\/fr\/wp-json\/wp\/v2\/product_brand?post=37699"},{"taxonomy":"product_cat","embeddable":true,"href":"https:\/\/www.saporinostri.it\/fr\/wp-json\/wp\/v2\/product_cat?post=37699"},{"taxonomy":"product_tag","embeddable":true,"href":"https:\/\/www.saporinostri.it\/fr\/wp-json\/wp\/v2\/product_tag?post=37699"}],"curies":[{"name":"wp","href":"https:\/\/api.w.org\/{rel}","templated":true}]}}