{"id":37795,"date":"2026-01-19T09:40:38","date_gmt":"2026-01-19T08:40:38","guid":{"rendered":"https:\/\/www.saporinostri.it\/?post_type=product&#038;p=37795"},"modified":"2026-02-16T11:51:22","modified_gmt":"2026-02-16T10:51:22","slug":"linguine-al-limone-il-vecchio-pastificio-i-sapori-500g","status":"publish","type":"product","link":"https:\/\/www.saporinostri.it\/fr\/linguine-al-limone-il-vecchio-pastificio-i-sapori-500g\/","title":{"rendered":"Linguine au Citron IGP Il Vecchio Pastificio i Sapori 500g"},"content":{"rendered":"<p>Dans le respect de la grande tradition s\u00e9culaire de Gragnano, Il Vecchio Pastificio di Gragnano produit chaque jour, sous l&#039;\u0153il attentif du ma\u00eetre p\u00e2tissier, avec la m\u00e9thode artisanale Pasta di Gragnano IGP de la plus haute qualit\u00e9. En s\u00e9lectionnant la meilleure semoule de bl\u00e9 dur m\u00e9lang\u00e9e uniquement avec l&#039;eau douce des sources tr\u00e8s pures - mill\u00e9naires - de Gragnano, avec beaucoup de passion, de soin et de savoir-faire.<br \/>\nLes spaghettis IGP sont \u00e9tir\u00e9s lentement \u00e0 l&#039;aide de fili\u00e8res en bronze, comme le veut la tradition, ce qui leur conf\u00e8re une texture exceptionnelle. S\u00e9ch\u00e9s \u00e0 basse temp\u00e9rature et tr\u00e8s lentement, ils contribuent \u00e0 sublimer leur qualit\u00e9 unique, savoureuse et parfum\u00e9e, sous un contr\u00f4le humain rigoureux \u00e0 chaque \u00e9tape de leur fabrication. Cette usine de p\u00e2tes \u00e0 la pointe de la technologie, dot\u00e9e d&#039;une importante capacit\u00e9 de production, travaille quotidiennement selon des m\u00e9thodes artisanales rigoureuses et m\u00e9ticuleuses.<\/p>\n<p><strong>Ingr\u00e9dients:<\/strong> Semoule de bl\u00e9 dur, eau de Gragnano, jus de citron IGP de Sorrente, curcuma.<\/p>","protected":false},"excerpt":{"rendered":"<p>Les linguine au citron sont \u00e9labor\u00e9es avec le jus de citrons IGP de Sorrente, offrant une saveur unique et un go\u00fbt d&#039;agrumes. Parfaites pour accompagner les sauces de poisson et de fruits de mer, ces linguine sont produites selon la tradition familiale, \u00e0 partir de semoule de bl\u00e9 dur de premi\u00e8re qualit\u00e9. Ces p\u00e2tes artisanales haut de gamme vous permettent de composer des plats color\u00e9s et de r\u00e9aliser des recettes cr\u00e9atives.<\/p>\n<p><strong>Poids net:<\/strong> 500g<br \/>\n<strong>Cuisson: <\/strong>11 minutes<\/p>","protected":false},"featured_media":37801,"comment_status":"open","ping_status":"closed","template":"","meta":{"_acf_changed":false,"inline_featured_image":false,"wprm-recipe-roundup-name":"","wprm-recipe-roundup-description":"","_monsterinsights_skip_tracking":false,"_monsterinsights_sitenote_active":false,"_monsterinsights_sitenote_note":"","_monsterinsights_sitenote_category":0},"pwb-brand":[411],"product_brand":[],"product_cat":[407],"product_tag":[],"class_list":{"0":"post-37795","1":"product","2":"type-product","3":"status-publish","4":"has-post-thumbnail","6":"pwb-brand-il-vecchio-pastificio-di-gragnano","7":"product_cat-pasta-artigianale","9":"first","10":"instock","11":"sale","12":"taxable","13":"shipping-taxable","14":"purchasable","15":"product-type-simple"},"acf":[],"yoast_head":"<!-- This site is optimized with the Yoast SEO Premium plugin v23.7 (Yoast SEO v27.3) - https:\/\/yoast.com\/product\/yoast-seo-premium-wordpress\/ -->\n<title>Linguine al Limone Il Vecchio Pastificio i Sapori 500g - Sapori Nostri<\/title>\n<meta name=\"description\" content=\"Le Linguine al Limone dal sapore unico e un gusto agrumato. Questa pasta ti permette di portare in tavola piatti colorati e ricette creative.\" \/>\n<meta name=\"robots\" content=\"index, follow, max-snippet:-1, max-image-preview:large, max-video-preview:-1\" \/>\n<link rel=\"canonical\" href=\"https:\/\/www.saporinostri.it\/fr\/linguine-al-limone-il-vecchio-pastificio-i-sapori-500g\/\" \/>\n<meta property=\"og:locale\" content=\"fr_FR\" \/>\n<meta property=\"og:type\" content=\"article\" \/>\n<meta property=\"og:title\" content=\"Linguine al Limone IGP Il Vecchio Pastificio i Sapori 500g\" \/>\n<meta property=\"og:description\" content=\"Le Linguine al Limone dal sapore unico e un gusto agrumato. Questa pasta ti permette di portare in tavola piatti colorati e ricette creative.\" \/>\n<meta property=\"og:url\" content=\"https:\/\/www.saporinostri.it\/fr\/linguine-al-limone-il-vecchio-pastificio-i-sapori-500g\/\" \/>\n<meta property=\"og:site_name\" content=\"Sapori Nostri\" \/>\n<meta property=\"article:publisher\" content=\"https:\/\/www.facebook.com\/saporinostri.it\/\" \/>\n<meta property=\"article:modified_time\" content=\"2026-02-16T10:51:22+00:00\" \/>\n<meta property=\"og:image\" content=\"https:\/\/www.saporinostri.it\/wp-content\/uploads\/2026\/01\/linguinaallimone-768x1024.png\" \/>\n\t<meta property=\"og:image:width\" content=\"768\" \/>\n\t<meta property=\"og:image:height\" content=\"1024\" \/>\n\t<meta property=\"og:image:type\" content=\"image\/png\" \/>\n<meta name=\"twitter:card\" content=\"summary_large_image\" \/>\n<meta name=\"twitter:label1\" content=\"Prix\" \/>\n\t<meta name=\"twitter:data1\" content=\"&euro;4,49\" \/>\n\t<meta name=\"twitter:label2\" content=\"Disponibilit\u00e9\" \/>\n\t<meta name=\"twitter:data2\" content=\"En stock\" \/>\n<script type=\"application\/ld+json\" class=\"yoast-schema-graph\">{\"@context\":\"https:\\\/\\\/schema.org\",\"@graph\":[{\"@type\":\"WebPage\",\"@id\":\"https:\\\/\\\/www.saporinostri.it\\\/linguine-al-limone-il-vecchio-pastificio-i-sapori-500g\\\/\",\"url\":\"https:\\\/\\\/www.saporinostri.it\\\/linguine-al-limone-il-vecchio-pastificio-i-sapori-500g\\\/\",\"name\":\"Linguine al Limone Il Vecchio Pastificio i Sapori 500g - Sapori Nostri\",\"isPartOf\":{\"@id\":\"https:\\\/\\\/www.saporinostri.it\\\/#website\"},\"primaryImageOfPage\":{\"@id\":\"https:\\\/\\\/www.saporinostri.it\\\/linguine-al-limone-il-vecchio-pastificio-i-sapori-500g\\\/#primaryimage\"},\"image\":{\"@id\":\"https:\\\/\\\/www.saporinostri.it\\\/linguine-al-limone-il-vecchio-pastificio-i-sapori-500g\\\/#primaryimage\"},\"thumbnailUrl\":\"https:\\\/\\\/www.saporinostri.it\\\/wp-content\\\/uploads\\\/2026\\\/01\\\/linguinaallimone.png\",\"datePublished\":\"2026-01-19T08:40:38+00:00\",\"dateModified\":\"2026-02-16T10:51:22+00:00\",\"description\":\"Le Linguine al Limone dal sapore unico e un gusto agrumato. Questa pasta ti permette di portare in tavola piatti colorati e ricette creative.\",\"breadcrumb\":{\"@id\":\"https:\\\/\\\/www.saporinostri.it\\\/linguine-al-limone-il-vecchio-pastificio-i-sapori-500g\\\/#breadcrumb\"},\"inLanguage\":\"fr-FR\",\"potentialAction\":[{\"@type\":\"ReadAction\",\"target\":[\"https:\\\/\\\/www.saporinostri.it\\\/linguine-al-limone-il-vecchio-pastificio-i-sapori-500g\\\/\"]}]},{\"@type\":\"ImageObject\",\"inLanguage\":\"fr-FR\",\"@id\":\"https:\\\/\\\/www.saporinostri.it\\\/linguine-al-limone-il-vecchio-pastificio-i-sapori-500g\\\/#primaryimage\",\"url\":\"https:\\\/\\\/www.saporinostri.it\\\/wp-content\\\/uploads\\\/2026\\\/01\\\/linguinaallimone.png\",\"contentUrl\":\"https:\\\/\\\/www.saporinostri.it\\\/wp-content\\\/uploads\\\/2026\\\/01\\\/linguinaallimone.png\",\"width\":1536,\"height\":2048},{\"@type\":\"BreadcrumbList\",\"@id\":\"https:\\\/\\\/www.saporinostri.it\\\/linguine-al-limone-il-vecchio-pastificio-i-sapori-500g\\\/#breadcrumb\",\"itemListElement\":[{\"@type\":\"ListItem\",\"position\":1,\"name\":\"Home\",\"item\":\"https:\\\/\\\/www.saporinostri.it\\\/\"},{\"@type\":\"ListItem\",\"position\":2,\"name\":\"Shop\",\"item\":\"https:\\\/\\\/www.saporinostri.it\\\/fr\\\/shop\\\/\"},{\"@type\":\"ListItem\",\"position\":3,\"name\":\"Linguine al Limone IGP Il Vecchio Pastificio i Sapori 500g\"}]},{\"@type\":\"WebSite\",\"@id\":\"https:\\\/\\\/www.saporinostri.it\\\/#website\",\"url\":\"https:\\\/\\\/www.saporinostri.it\\\/\",\"name\":\"Sapori Nostri\",\"description\":\"\",\"publisher\":{\"@id\":\"https:\\\/\\\/www.saporinostri.it\\\/#organization\"},\"potentialAction\":[{\"@type\":\"SearchAction\",\"target\":{\"@type\":\"EntryPoint\",\"urlTemplate\":\"https:\\\/\\\/www.saporinostri.it\\\/?s={search_term_string}\"},\"query-input\":{\"@type\":\"PropertyValueSpecification\",\"valueRequired\":true,\"valueName\":\"search_term_string\"}}],\"inLanguage\":\"fr-FR\"},{\"@type\":\"Organization\",\"@id\":\"https:\\\/\\\/www.saporinostri.it\\\/#organization\",\"name\":\"Sapori Nostri\",\"url\":\"https:\\\/\\\/www.saporinostri.it\\\/\",\"logo\":{\"@type\":\"ImageObject\",\"inLanguage\":\"fr-FR\",\"@id\":\"https:\\\/\\\/www.saporinostri.it\\\/#\\\/schema\\\/logo\\\/image\\\/\",\"url\":\"https:\\\/\\\/www.saporinostri.it\\\/wp-content\\\/uploads\\\/2020\\\/05\\\/logo-retina.png\",\"contentUrl\":\"https:\\\/\\\/www.saporinostri.it\\\/wp-content\\\/uploads\\\/2020\\\/05\\\/logo-retina.png\",\"width\":500,\"height\":109,\"caption\":\"Sapori Nostri\"},\"image\":{\"@id\":\"https:\\\/\\\/www.saporinostri.it\\\/#\\\/schema\\\/logo\\\/image\\\/\"},\"sameAs\":[\"https:\\\/\\\/www.facebook.com\\\/saporinostri.it\\\/\",\"https:\\\/\\\/www.instagram.com\\\/saporinostri.it\\\/\"]}]}<\/script>\n<meta property=\"product:brand\" content=\"Il Vecchio Pastificio di Gragnano\" \/>\n<meta property=\"product:price:amount\" content=\"4.49\" \/>\n<meta property=\"product:price:currency\" content=\"EUR\" \/>\n<meta property=\"og:availability\" content=\"instock\" \/>\n<meta property=\"product:availability\" content=\"instock\" \/>\n<meta property=\"product:retailer_item_id\" content=\"8033406260169\" \/>\n<meta property=\"product:condition\" content=\"new\" \/>\n<!-- \/ Yoast SEO Premium plugin. -->","yoast_head_json":{"title":"Linguine au citron d&#039;Il Vecchio Pastificio i Sapori 500g - Sapori Nostri","description":"Linguine au citron, avec leur saveur unique et leur go\u00fbt d&#039;agrumes, ces p\u00e2tes vous permettent de proposer des plats color\u00e9s et des recettes cr\u00e9atives.","robots":{"index":"index","follow":"follow","max-snippet":"max-snippet:-1","max-image-preview":"max-image-preview:large","max-video-preview":"max-video-preview:-1"},"canonical":"https:\/\/www.saporinostri.it\/fr\/linguine-al-limone-il-vecchio-pastificio-i-sapori-500g\/","og_locale":"fr_FR","og_type":"article","og_title":"Linguine al Limone IGP Il Vecchio Pastificio i Sapori 500g","og_description":"Le Linguine al Limone dal sapore unico e un gusto agrumato. Questa pasta ti permette di portare in tavola piatti colorati e ricette creative.","og_url":"https:\/\/www.saporinostri.it\/fr\/linguine-al-limone-il-vecchio-pastificio-i-sapori-500g\/","og_site_name":"Sapori Nostri","article_publisher":"https:\/\/www.facebook.com\/saporinostri.it\/","article_modified_time":"2026-02-16T10:51:22+00:00","og_image":[{"width":768,"height":1024,"url":"https:\/\/www.saporinostri.it\/wp-content\/uploads\/2026\/01\/linguinaallimone-768x1024.png","type":"image\/png"}],"twitter_card":"summary_large_image","twitter_misc":{"Prix":"&euro;4,49","Disponibilit\u00e9":"En stock"},"schema":{"@context":"https:\/\/schema.org","@graph":[{"@type":"WebPage","@id":"https:\/\/www.saporinostri.it\/linguine-al-limone-il-vecchio-pastificio-i-sapori-500g\/","url":"https:\/\/www.saporinostri.it\/linguine-al-limone-il-vecchio-pastificio-i-sapori-500g\/","name":"Linguine au citron d&#039;Il Vecchio Pastificio i Sapori 500g - Sapori Nostri","isPartOf":{"@id":"https:\/\/www.saporinostri.it\/#website"},"primaryImageOfPage":{"@id":"https:\/\/www.saporinostri.it\/linguine-al-limone-il-vecchio-pastificio-i-sapori-500g\/#primaryimage"},"image":{"@id":"https:\/\/www.saporinostri.it\/linguine-al-limone-il-vecchio-pastificio-i-sapori-500g\/#primaryimage"},"thumbnailUrl":"https:\/\/www.saporinostri.it\/wp-content\/uploads\/2026\/01\/linguinaallimone.png","datePublished":"2026-01-19T08:40:38+00:00","dateModified":"2026-02-16T10:51:22+00:00","description":"Linguine au citron, avec leur saveur unique et leur go\u00fbt d&#039;agrumes, ces p\u00e2tes vous permettent de proposer des plats color\u00e9s et des recettes cr\u00e9atives.","breadcrumb":{"@id":"https:\/\/www.saporinostri.it\/linguine-al-limone-il-vecchio-pastificio-i-sapori-500g\/#breadcrumb"},"inLanguage":"fr-FR","potentialAction":[{"@type":"ReadAction","target":["https:\/\/www.saporinostri.it\/linguine-al-limone-il-vecchio-pastificio-i-sapori-500g\/"]}]},{"@type":"ImageObject","inLanguage":"fr-FR","@id":"https:\/\/www.saporinostri.it\/linguine-al-limone-il-vecchio-pastificio-i-sapori-500g\/#primaryimage","url":"https:\/\/www.saporinostri.it\/wp-content\/uploads\/2026\/01\/linguinaallimone.png","contentUrl":"https:\/\/www.saporinostri.it\/wp-content\/uploads\/2026\/01\/linguinaallimone.png","width":1536,"height":2048},{"@type":"BreadcrumbList","@id":"https:\/\/www.saporinostri.it\/linguine-al-limone-il-vecchio-pastificio-i-sapori-500g\/#breadcrumb","itemListElement":[{"@type":"ListItem","position":1,"name":"Home","item":"https:\/\/www.saporinostri.it\/"},{"@type":"ListItem","position":2,"name":"Shop","item":"https:\/\/www.saporinostri.it\/fr\/shop\/"},{"@type":"ListItem","position":3,"name":"Linguine al Limone IGP Il Vecchio Pastificio i Sapori 500g"}]},{"@type":"WebSite","@id":"https:\/\/www.saporinostri.it\/#website","url":"https:\/\/www.saporinostri.it\/","name":"Sapori Nostri","description":"","publisher":{"@id":"https:\/\/www.saporinostri.it\/#organization"},"potentialAction":[{"@type":"SearchAction","target":{"@type":"EntryPoint","urlTemplate":"https:\/\/www.saporinostri.it\/?s={search_term_string}"},"query-input":{"@type":"PropertyValueSpecification","valueRequired":true,"valueName":"search_term_string"}}],"inLanguage":"fr-FR"},{"@type":"Organization","@id":"https:\/\/www.saporinostri.it\/#organization","name":"Sapori Nostri","url":"https:\/\/www.saporinostri.it\/","logo":{"@type":"ImageObject","inLanguage":"fr-FR","@id":"https:\/\/www.saporinostri.it\/#\/schema\/logo\/image\/","url":"https:\/\/www.saporinostri.it\/wp-content\/uploads\/2020\/05\/logo-retina.png","contentUrl":"https:\/\/www.saporinostri.it\/wp-content\/uploads\/2020\/05\/logo-retina.png","width":500,"height":109,"caption":"Sapori Nostri"},"image":{"@id":"https:\/\/www.saporinostri.it\/#\/schema\/logo\/image\/"},"sameAs":["https:\/\/www.facebook.com\/saporinostri.it\/","https:\/\/www.instagram.com\/saporinostri.it\/"]}]},"product_brand":"Il Vecchio Pastificio di Gragnano","product_price_amount":"4.49","product_price_currency":"EUR","og_availability":"instock","product_availability":"instock","product_retailer_item_id":"8033406260169","product_condition":"new"},"jetpack_sharing_enabled":true,"brands":[{"id":411,"name":"Le vieux Pastificio di Gragnano","slug":"il-vecchio-pastificio-di-gragnano"}],"_links":{"self":[{"href":"https:\/\/www.saporinostri.it\/fr\/wp-json\/wp\/v2\/product\/37795","targetHints":{"allow":["GET"]}}],"collection":[{"href":"https:\/\/www.saporinostri.it\/fr\/wp-json\/wp\/v2\/product"}],"about":[{"href":"https:\/\/www.saporinostri.it\/fr\/wp-json\/wp\/v2\/types\/product"}],"replies":[{"embeddable":true,"href":"https:\/\/www.saporinostri.it\/fr\/wp-json\/wp\/v2\/comments?post=37795"}],"wp:featuredmedia":[{"embeddable":true,"href":"https:\/\/www.saporinostri.it\/fr\/wp-json\/wp\/v2\/media\/37801"}],"wp:attachment":[{"href":"https:\/\/www.saporinostri.it\/fr\/wp-json\/wp\/v2\/media?parent=37795"}],"wp:term":[{"taxonomy":"pwb-brand","embeddable":true,"href":"https:\/\/www.saporinostri.it\/fr\/wp-json\/wp\/v2\/pwb-brand?post=37795"},{"taxonomy":"product_brand","embeddable":true,"href":"https:\/\/www.saporinostri.it\/fr\/wp-json\/wp\/v2\/product_brand?post=37795"},{"taxonomy":"product_cat","embeddable":true,"href":"https:\/\/www.saporinostri.it\/fr\/wp-json\/wp\/v2\/product_cat?post=37795"},{"taxonomy":"product_tag","embeddable":true,"href":"https:\/\/www.saporinostri.it\/fr\/wp-json\/wp\/v2\/product_tag?post=37795"}],"curies":[{"name":"wp","href":"https:\/\/api.w.org\/{rel}","templated":true}]}}