{"id":38066,"date":"2026-01-28T11:18:00","date_gmt":"2026-01-28T10:18:00","guid":{"rendered":"https:\/\/www.saporinostri.it\/?post_type=product&#038;p=38066"},"modified":"2026-04-01T02:32:03","modified_gmt":"2026-04-01T00:32:03","slug":"aceto-melannurca-campana-igp-andrea-milano","status":"publish","type":"product","link":"https:\/\/www.saporinostri.it\/fr\/aceto-melannurca-campana-igp-andrea-milano\/","title":{"rendered":"Vinaigre de pomme Annurca de Campanie IGP Andrea Milano 500ml"},"content":{"rendered":"<p>Une excellence de la tradition italienne obtenue \u00e0 partir du pr\u00e9cieux <strong>IGP M\u00e9lanneau campanien<\/strong>, Symbole de la Campanie, ce vinaigre artisanal se caract\u00e9rise par une saveur ronde, \u00e9quilibr\u00e9e et d\u00e9licatement fruit\u00e9e, avec une acidit\u00e9 de 5% qui le rend polyvalent et harmonieux.<\/p>\n<p>Id\u00e9ale pour un usage quotidien en cuisine, elle est parfaite pour les salades fra\u00eeches, les l\u00e9gumes crus ou grill\u00e9s, les viandes blanches, les poissons et les marinades. Elle se marie \u00e9galement \u00e0 merveille avec les fromages et les pr\u00e9parations gastronomiques. La s\u00e9lection rigoureuse des mati\u00e8res premi\u00e8res et le processus de fabrication garantissent un produit italien authentique et de haute qualit\u00e9.<\/p>","protected":false},"excerpt":{"rendered":"<p>Vinaigre artisanal de Melannurca Campana IGP, au go\u00fbt rond et d\u00e9licatement fruit\u00e9. Acidit\u00e9\u00a0: 5%. Id\u00e9al pour les salades, les l\u00e9gumes, les viandes blanches et les plats gastronomiques.<\/p>","protected":false},"featured_media":38155,"comment_status":"open","ping_status":"closed","template":"","meta":{"_acf_changed":false,"inline_featured_image":false,"wprm-recipe-roundup-name":"","wprm-recipe-roundup-description":"","_monsterinsights_skip_tracking":false,"_monsterinsights_sitenote_active":false,"_monsterinsights_sitenote_note":"","_monsterinsights_sitenote_category":0},"pwb-brand":[780],"product_brand":[],"product_cat":[645,582],"product_tag":[],"class_list":{"0":"post-38066","1":"product","2":"type-product","3":"status-publish","4":"has-post-thumbnail","6":"pwb-brand-andrea-milano","7":"product_cat-gourmet","8":"product_cat-salse-di-accompagnamento","9":"product_shipping_class-iva-10","11":"first","12":"instock","13":"sale","14":"taxable","15":"shipping-taxable","16":"purchasable","17":"product-type-simple"},"acf":[],"yoast_head":"<!-- This site is optimized with the Yoast SEO Premium plugin v23.7 (Yoast SEO v27.3) - https:\/\/yoast.com\/product\/yoast-seo-premium-wordpress\/ -->\n<title>Aceto di Melannurca Campana IGP Andrea Milano 500ml<\/title>\n<meta name=\"description\" content=\"Aceto di Melannurca Campana IGP Andrea Milano dal gusto rotondo e fruttato. Acidit\u00e0 5%. Ideale per insalate, verdure, carni e cucina gourmet.\" \/>\n<meta name=\"robots\" content=\"index, follow, max-snippet:-1, max-image-preview:large, max-video-preview:-1\" \/>\n<link rel=\"canonical\" href=\"https:\/\/www.saporinostri.it\/fr\/aceto-melannurca-campana-igp-andrea-milano\/\" \/>\n<meta property=\"og:locale\" content=\"fr_FR\" \/>\n<meta property=\"og:type\" content=\"article\" \/>\n<meta property=\"og:title\" content=\"Aceto di Melannurca Campana IGP Andrea Milano 500ml\" \/>\n<meta property=\"og:description\" content=\"Aceto di Melannurca Campana IGP Andrea Milano dal gusto rotondo e fruttato. Acidit\u00e0 5%. Ideale per insalate, verdure, carni e cucina gourmet.\" \/>\n<meta property=\"og:url\" content=\"https:\/\/www.saporinostri.it\/fr\/aceto-melannurca-campana-igp-andrea-milano\/\" \/>\n<meta property=\"og:site_name\" content=\"Sapori Nostri\" \/>\n<meta property=\"article:publisher\" content=\"https:\/\/www.facebook.com\/saporinostri.it\/\" \/>\n<meta property=\"article:modified_time\" content=\"2026-04-01T00:32:03+00:00\" \/>\n<meta property=\"og:image\" content=\"https:\/\/www.saporinostri.it\/wp-content\/uploads\/2026\/01\/aceto-di-melannurca-campana-igp-andrea-milano-front.jpg\" \/>\n\t<meta property=\"og:image:width\" content=\"1280\" \/>\n\t<meta property=\"og:image:height\" content=\"1280\" \/>\n\t<meta property=\"og:image:type\" content=\"image\/jpeg\" \/>\n<meta name=\"twitter:card\" content=\"summary_large_image\" \/>\n<meta name=\"twitter:label1\" content=\"Prix\" \/>\n\t<meta name=\"twitter:data1\" content=\"&euro;4,49\" \/>\n\t<meta name=\"twitter:label2\" content=\"Disponibilit\u00e9\" \/>\n\t<meta name=\"twitter:data2\" content=\"En stock\" \/>\n<script type=\"application\/ld+json\" class=\"yoast-schema-graph\">{\"@context\":\"https:\\\/\\\/schema.org\",\"@graph\":[{\"@type\":\"WebPage\",\"@id\":\"https:\\\/\\\/www.saporinostri.it\\\/aceto-melannurca-campana-igp-andrea-milano\\\/\",\"url\":\"https:\\\/\\\/www.saporinostri.it\\\/aceto-melannurca-campana-igp-andrea-milano\\\/\",\"name\":\"Aceto di Melannurca Campana IGP Andrea Milano 500ml\",\"isPartOf\":{\"@id\":\"https:\\\/\\\/www.saporinostri.it\\\/#website\"},\"primaryImageOfPage\":{\"@id\":\"https:\\\/\\\/www.saporinostri.it\\\/aceto-melannurca-campana-igp-andrea-milano\\\/#primaryimage\"},\"image\":{\"@id\":\"https:\\\/\\\/www.saporinostri.it\\\/aceto-melannurca-campana-igp-andrea-milano\\\/#primaryimage\"},\"thumbnailUrl\":\"https:\\\/\\\/www.saporinostri.it\\\/wp-content\\\/uploads\\\/2026\\\/01\\\/aceto-di-melannurca-campana-igp-andrea-milano-front.jpg\",\"datePublished\":\"2026-01-28T10:18:00+00:00\",\"dateModified\":\"2026-04-01T00:32:03+00:00\",\"description\":\"Aceto di Melannurca Campana IGP Andrea Milano dal gusto rotondo e fruttato. Acidit\u00e0 5%. Ideale per insalate, verdure, carni e cucina gourmet.\",\"breadcrumb\":{\"@id\":\"https:\\\/\\\/www.saporinostri.it\\\/aceto-melannurca-campana-igp-andrea-milano\\\/#breadcrumb\"},\"inLanguage\":\"fr-FR\",\"potentialAction\":[{\"@type\":\"ReadAction\",\"target\":[\"https:\\\/\\\/www.saporinostri.it\\\/aceto-melannurca-campana-igp-andrea-milano\\\/\"]}]},{\"@type\":\"ImageObject\",\"inLanguage\":\"fr-FR\",\"@id\":\"https:\\\/\\\/www.saporinostri.it\\\/aceto-melannurca-campana-igp-andrea-milano\\\/#primaryimage\",\"url\":\"https:\\\/\\\/www.saporinostri.it\\\/wp-content\\\/uploads\\\/2026\\\/01\\\/aceto-di-melannurca-campana-igp-andrea-milano-front.jpg\",\"contentUrl\":\"https:\\\/\\\/www.saporinostri.it\\\/wp-content\\\/uploads\\\/2026\\\/01\\\/aceto-di-melannurca-campana-igp-andrea-milano-front.jpg\",\"width\":1280,\"height\":1280,\"caption\":\"Aceto di Melannurca Campana IGP Andrea Milano\"},{\"@type\":\"BreadcrumbList\",\"@id\":\"https:\\\/\\\/www.saporinostri.it\\\/aceto-melannurca-campana-igp-andrea-milano\\\/#breadcrumb\",\"itemListElement\":[{\"@type\":\"ListItem\",\"position\":1,\"name\":\"Home\",\"item\":\"https:\\\/\\\/www.saporinostri.it\\\/\"},{\"@type\":\"ListItem\",\"position\":2,\"name\":\"Shop\",\"item\":\"https:\\\/\\\/www.saporinostri.it\\\/fr\\\/shop\\\/\"},{\"@type\":\"ListItem\",\"position\":3,\"name\":\"Aceto di Melannurca Campana IGP Andrea Milano 500ml\"}]},{\"@type\":\"WebSite\",\"@id\":\"https:\\\/\\\/www.saporinostri.it\\\/#website\",\"url\":\"https:\\\/\\\/www.saporinostri.it\\\/\",\"name\":\"Sapori Nostri\",\"description\":\"\",\"publisher\":{\"@id\":\"https:\\\/\\\/www.saporinostri.it\\\/#organization\"},\"potentialAction\":[{\"@type\":\"SearchAction\",\"target\":{\"@type\":\"EntryPoint\",\"urlTemplate\":\"https:\\\/\\\/www.saporinostri.it\\\/?s={search_term_string}\"},\"query-input\":{\"@type\":\"PropertyValueSpecification\",\"valueRequired\":true,\"valueName\":\"search_term_string\"}}],\"inLanguage\":\"fr-FR\"},{\"@type\":\"Organization\",\"@id\":\"https:\\\/\\\/www.saporinostri.it\\\/#organization\",\"name\":\"Sapori Nostri\",\"url\":\"https:\\\/\\\/www.saporinostri.it\\\/\",\"logo\":{\"@type\":\"ImageObject\",\"inLanguage\":\"fr-FR\",\"@id\":\"https:\\\/\\\/www.saporinostri.it\\\/#\\\/schema\\\/logo\\\/image\\\/\",\"url\":\"https:\\\/\\\/www.saporinostri.it\\\/wp-content\\\/uploads\\\/2020\\\/05\\\/logo-retina.png\",\"contentUrl\":\"https:\\\/\\\/www.saporinostri.it\\\/wp-content\\\/uploads\\\/2020\\\/05\\\/logo-retina.png\",\"width\":500,\"height\":109,\"caption\":\"Sapori Nostri\"},\"image\":{\"@id\":\"https:\\\/\\\/www.saporinostri.it\\\/#\\\/schema\\\/logo\\\/image\\\/\"},\"sameAs\":[\"https:\\\/\\\/www.facebook.com\\\/saporinostri.it\\\/\",\"https:\\\/\\\/www.instagram.com\\\/saporinostri.it\\\/\"]}]}<\/script>\n<meta property=\"product:brand\" content=\"Andrea Milano\" \/>\n<meta property=\"product:price:amount\" content=\"4.49\" \/>\n<meta property=\"product:price:currency\" content=\"EUR\" \/>\n<meta property=\"og:availability\" content=\"instock\" \/>\n<meta property=\"product:availability\" content=\"instock\" \/>\n<meta property=\"product:retailer_item_id\" content=\"8003407211293\" \/>\n<meta property=\"product:condition\" content=\"new\" \/>\n<!-- \/ Yoast SEO Premium plugin. -->","yoast_head_json":{"title":"Vinaigre de pomme Annurca de Campanie IGP Andrea Milano 500ml","description":"Le vinaigre de m\u00e9lamine IGP Campanie d&#039;Andrea Milano poss\u00e8de une saveur ronde et fruit\u00e9e. Acidit\u00e9\u00a0: 5%. Id\u00e9al pour les salades, les l\u00e9gumes, les viandes et la cuisine gastronomique.","robots":{"index":"index","follow":"follow","max-snippet":"max-snippet:-1","max-image-preview":"max-image-preview:large","max-video-preview":"max-video-preview:-1"},"canonical":"https:\/\/www.saporinostri.it\/fr\/aceto-melannurca-campana-igp-andrea-milano\/","og_locale":"fr_FR","og_type":"article","og_title":"Aceto di Melannurca Campana IGP Andrea Milano 500ml","og_description":"Aceto di Melannurca Campana IGP Andrea Milano dal gusto rotondo e fruttato. Acidit\u00e0 5%. Ideale per insalate, verdure, carni e cucina gourmet.","og_url":"https:\/\/www.saporinostri.it\/fr\/aceto-melannurca-campana-igp-andrea-milano\/","og_site_name":"Sapori Nostri","article_publisher":"https:\/\/www.facebook.com\/saporinostri.it\/","article_modified_time":"2026-04-01T00:32:03+00:00","og_image":[{"width":1280,"height":1280,"url":"https:\/\/www.saporinostri.it\/wp-content\/uploads\/2026\/01\/aceto-di-melannurca-campana-igp-andrea-milano-front.jpg","type":"image\/jpeg"}],"twitter_card":"summary_large_image","twitter_misc":{"Prix":"&euro;4,49","Disponibilit\u00e9":"En stock"},"schema":{"@context":"https:\/\/schema.org","@graph":[{"@type":"WebPage","@id":"https:\/\/www.saporinostri.it\/aceto-melannurca-campana-igp-andrea-milano\/","url":"https:\/\/www.saporinostri.it\/aceto-melannurca-campana-igp-andrea-milano\/","name":"Vinaigre de pomme Annurca de Campanie IGP Andrea Milano 500ml","isPartOf":{"@id":"https:\/\/www.saporinostri.it\/#website"},"primaryImageOfPage":{"@id":"https:\/\/www.saporinostri.it\/aceto-melannurca-campana-igp-andrea-milano\/#primaryimage"},"image":{"@id":"https:\/\/www.saporinostri.it\/aceto-melannurca-campana-igp-andrea-milano\/#primaryimage"},"thumbnailUrl":"https:\/\/www.saporinostri.it\/wp-content\/uploads\/2026\/01\/aceto-di-melannurca-campana-igp-andrea-milano-front.jpg","datePublished":"2026-01-28T10:18:00+00:00","dateModified":"2026-04-01T00:32:03+00:00","description":"Le vinaigre de m\u00e9lamine IGP Campanie d&#039;Andrea Milano poss\u00e8de une saveur ronde et fruit\u00e9e. Acidit\u00e9\u00a0: 5%. Id\u00e9al pour les salades, les l\u00e9gumes, les viandes et la cuisine gastronomique.","breadcrumb":{"@id":"https:\/\/www.saporinostri.it\/aceto-melannurca-campana-igp-andrea-milano\/#breadcrumb"},"inLanguage":"fr-FR","potentialAction":[{"@type":"ReadAction","target":["https:\/\/www.saporinostri.it\/aceto-melannurca-campana-igp-andrea-milano\/"]}]},{"@type":"ImageObject","inLanguage":"fr-FR","@id":"https:\/\/www.saporinostri.it\/aceto-melannurca-campana-igp-andrea-milano\/#primaryimage","url":"https:\/\/www.saporinostri.it\/wp-content\/uploads\/2026\/01\/aceto-di-melannurca-campana-igp-andrea-milano-front.jpg","contentUrl":"https:\/\/www.saporinostri.it\/wp-content\/uploads\/2026\/01\/aceto-di-melannurca-campana-igp-andrea-milano-front.jpg","width":1280,"height":1280,"caption":"Aceto di Melannurca Campana IGP Andrea Milano"},{"@type":"BreadcrumbList","@id":"https:\/\/www.saporinostri.it\/aceto-melannurca-campana-igp-andrea-milano\/#breadcrumb","itemListElement":[{"@type":"ListItem","position":1,"name":"Home","item":"https:\/\/www.saporinostri.it\/"},{"@type":"ListItem","position":2,"name":"Shop","item":"https:\/\/www.saporinostri.it\/fr\/shop\/"},{"@type":"ListItem","position":3,"name":"Aceto di Melannurca Campana IGP Andrea Milano 500ml"}]},{"@type":"WebSite","@id":"https:\/\/www.saporinostri.it\/#website","url":"https:\/\/www.saporinostri.it\/","name":"Sapori Nostri","description":"","publisher":{"@id":"https:\/\/www.saporinostri.it\/#organization"},"potentialAction":[{"@type":"SearchAction","target":{"@type":"EntryPoint","urlTemplate":"https:\/\/www.saporinostri.it\/?s={search_term_string}"},"query-input":{"@type":"PropertyValueSpecification","valueRequired":true,"valueName":"search_term_string"}}],"inLanguage":"fr-FR"},{"@type":"Organization","@id":"https:\/\/www.saporinostri.it\/#organization","name":"Sapori Nostri","url":"https:\/\/www.saporinostri.it\/","logo":{"@type":"ImageObject","inLanguage":"fr-FR","@id":"https:\/\/www.saporinostri.it\/#\/schema\/logo\/image\/","url":"https:\/\/www.saporinostri.it\/wp-content\/uploads\/2020\/05\/logo-retina.png","contentUrl":"https:\/\/www.saporinostri.it\/wp-content\/uploads\/2020\/05\/logo-retina.png","width":500,"height":109,"caption":"Sapori Nostri"},"image":{"@id":"https:\/\/www.saporinostri.it\/#\/schema\/logo\/image\/"},"sameAs":["https:\/\/www.facebook.com\/saporinostri.it\/","https:\/\/www.instagram.com\/saporinostri.it\/"]}]},"product_brand":"Andrea Milano","product_price_amount":"4.49","product_price_currency":"EUR","og_availability":"instock","product_availability":"instock","product_retailer_item_id":"8003407211293","product_condition":"new"},"jetpack_sharing_enabled":true,"brands":[{"id":780,"name":"Andrea Milano","slug":"andrea-milano"}],"_links":{"self":[{"href":"https:\/\/www.saporinostri.it\/fr\/wp-json\/wp\/v2\/product\/38066","targetHints":{"allow":["GET"]}}],"collection":[{"href":"https:\/\/www.saporinostri.it\/fr\/wp-json\/wp\/v2\/product"}],"about":[{"href":"https:\/\/www.saporinostri.it\/fr\/wp-json\/wp\/v2\/types\/product"}],"replies":[{"embeddable":true,"href":"https:\/\/www.saporinostri.it\/fr\/wp-json\/wp\/v2\/comments?post=38066"}],"wp:featuredmedia":[{"embeddable":true,"href":"https:\/\/www.saporinostri.it\/fr\/wp-json\/wp\/v2\/media\/38155"}],"wp:attachment":[{"href":"https:\/\/www.saporinostri.it\/fr\/wp-json\/wp\/v2\/media?parent=38066"}],"wp:term":[{"taxonomy":"pwb-brand","embeddable":true,"href":"https:\/\/www.saporinostri.it\/fr\/wp-json\/wp\/v2\/pwb-brand?post=38066"},{"taxonomy":"product_brand","embeddable":true,"href":"https:\/\/www.saporinostri.it\/fr\/wp-json\/wp\/v2\/product_brand?post=38066"},{"taxonomy":"product_cat","embeddable":true,"href":"https:\/\/www.saporinostri.it\/fr\/wp-json\/wp\/v2\/product_cat?post=38066"},{"taxonomy":"product_tag","embeddable":true,"href":"https:\/\/www.saporinostri.it\/fr\/wp-json\/wp\/v2\/product_tag?post=38066"}],"curies":[{"name":"wp","href":"https:\/\/api.w.org\/{rel}","templated":true}]}}