{"id":38073,"date":"2026-01-28T12:15:05","date_gmt":"2026-01-28T11:15:05","guid":{"rendered":"https:\/\/www.saporinostri.it\/?post_type=product&#038;p=38073"},"modified":"2026-03-24T10:25:58","modified_gmt":"2026-03-24T09:25:58","slug":"cipolle-rosse-caramellate-tropea-calabria-igp-delizie-di-calabria","status":"publish","type":"product","link":"https:\/\/www.saporinostri.it\/fr\/cipolle-rosse-caramellate-tropea-calabria-igp-delizie-di-calabria\/","title":{"rendered":"Oignons rouges caram\u00e9lis\u00e9s de Tropea, Calabre, IGP 590 g, D\u00e9lices calabrais"},"content":{"rendered":"<p data-start=\"136\" data-end=\"498\">le <strong data-start=\"139\" data-end=\"191\">Oignons rouges caram\u00e9lis\u00e9s de Tropea, Calabre IGP<\/strong> sign\u00e9 <em data-start=\"200\" data-end=\"221\">D\u00e9lices calabrais<\/em> Ce sont des sp\u00e9cialit\u00e9s artisanales au go\u00fbt d\u00e9licatement sucr\u00e9 et aromatique. Pr\u00e9par\u00e9es avec des ingr\u00e9dients authentiques <strong data-start=\"321\" data-end=\"361\">Oignon rouge de Calabre Tropea IGP<\/strong>, R\u00e9put\u00e9e pour sa douceur naturelle, sa d\u00e9licatesse et sa digestibilit\u00e9, cette confiture incarne \u00e0 elle seule toute la tradition gastronomique calabraise.<\/p>\n<p data-start=\"500\" data-end=\"758\">La caram\u00e9lisation lente sublime la saveur unique de l&#039;oignon, lui conf\u00e9rant une texture fondante et enveloppante ainsi qu&#039;un parfait \u00e9quilibre entre douceur et ar\u00f4mes. Un produit polyvalent, con\u00e7u pour rehausser aussi bien les plats simples que les cr\u00e9ations gastronomiques.<\/p>\n<p data-start=\"760\" data-end=\"1134\">Id\u00e9ales avec des fromages affin\u00e9s et frais, des viandes r\u00f4ties et grill\u00e9es, des burgers gourmands, des bruschettas et des planches de charcuterie, ces oignons caram\u00e9lis\u00e9s apportent \u00e0 votre table les saveurs authentiques de la M\u00e9diterran\u00e9e. Pr\u00e9par\u00e9s selon une recette traditionnelle, sans colorants artificiels, ils incarnent l&#039;excellence de la cuisine m\u00e9diterran\u00e9enne. <strong data-start=\"1065\" data-end=\"1082\">Fabriqu\u00e9 en Italie<\/strong>, d\u00e9di\u00e9 \u00e0 ceux qui recherchent la qualit\u00e9 et des saveurs authentiques.<\/p>","protected":false},"excerpt":{"rendered":"<p data-start=\"1150\" data-end=\"1296\"><strong>Oignons rouges de Tropea, Calabre, IGP<\/strong> Caram\u00e9lis\u00e9e lentement, elle offre une saveur douce et aromatique. Id\u00e9ale pour les fromages, les viandes, les bruschettas et les plats gastronomiques.<\/p>","protected":false},"featured_media":38152,"comment_status":"open","ping_status":"closed","template":"","meta":{"_acf_changed":false,"inline_featured_image":false,"wprm-recipe-roundup-name":"","wprm-recipe-roundup-description":"","_monsterinsights_skip_tracking":false,"_monsterinsights_sitenote_active":false,"_monsterinsights_sitenote_note":"","_monsterinsights_sitenote_category":0},"pwb-brand":[653],"product_brand":[],"product_cat":[412,582],"product_tag":[],"class_list":{"0":"post-38073","1":"product","2":"type-product","3":"status-publish","4":"has-post-thumbnail","6":"pwb-brand-delizie-di-calabria","7":"product_cat-conserve","8":"product_cat-salse-di-accompagnamento","10":"first","11":"instock","12":"sale","13":"taxable","14":"shipping-taxable","15":"purchasable","16":"product-type-simple"},"acf":[],"yoast_head":"<!-- This site is optimized with the Yoast SEO Premium plugin v23.7 (Yoast SEO v27.3) - https:\/\/yoast.com\/product\/yoast-seo-premium-wordpress\/ -->\n<title>Cipolle Rosse Caramellate di Tropea IGP Delizie di Calabria 590g<\/title>\n<meta name=\"description\" content=\"Cipolle Rosse Caramellate di Tropea Calabria IGP Delizie di Calabria dal gusto dolce e aromatico. Ideali per formaggi, carni e piatti gourmet.\" \/>\n<meta name=\"robots\" content=\"index, follow, max-snippet:-1, max-image-preview:large, max-video-preview:-1\" \/>\n<link rel=\"canonical\" href=\"https:\/\/www.saporinostri.it\/fr\/cipolle-rosse-caramellate-tropea-calabria-igp-delizie-di-calabria\/\" \/>\n<meta property=\"og:locale\" content=\"fr_FR\" \/>\n<meta property=\"og:type\" content=\"article\" \/>\n<meta property=\"og:title\" content=\"Cipolle Rosse Caramellate di Tropea Calabria IGP 590 g Delizie di Calabria\" \/>\n<meta property=\"og:description\" content=\"Cipolle Rosse Caramellate di Tropea Calabria IGP Delizie di Calabria dal gusto dolce e aromatico. Ideali per formaggi, carni e piatti gourmet.\" \/>\n<meta property=\"og:url\" content=\"https:\/\/www.saporinostri.it\/fr\/cipolle-rosse-caramellate-tropea-calabria-igp-delizie-di-calabria\/\" \/>\n<meta property=\"og:site_name\" content=\"Sapori Nostri\" \/>\n<meta property=\"article:publisher\" content=\"https:\/\/www.facebook.com\/saporinostri.it\/\" \/>\n<meta property=\"article:modified_time\" content=\"2026-03-24T09:25:58+00:00\" \/>\n<meta property=\"og:image\" content=\"https:\/\/www.saporinostri.it\/wp-content\/uploads\/2026\/01\/cipolle-rosse-caramellate-delizie-di-calabria-front.jpg\" \/>\n\t<meta property=\"og:image:width\" content=\"1280\" \/>\n\t<meta property=\"og:image:height\" content=\"1280\" \/>\n\t<meta property=\"og:image:type\" content=\"image\/jpeg\" \/>\n<meta name=\"twitter:card\" content=\"summary_large_image\" \/>\n<meta name=\"twitter:label1\" content=\"Prix\" \/>\n\t<meta name=\"twitter:data1\" content=\"&euro;9,49\" \/>\n\t<meta name=\"twitter:label2\" content=\"Disponibilit\u00e9\" \/>\n\t<meta name=\"twitter:data2\" content=\"En stock\" \/>\n<script type=\"application\/ld+json\" class=\"yoast-schema-graph\">{\"@context\":\"https:\\\/\\\/schema.org\",\"@graph\":[{\"@type\":\"WebPage\",\"@id\":\"https:\\\/\\\/www.saporinostri.it\\\/cipolle-rosse-caramellate-tropea-calabria-igp-delizie-di-calabria\\\/\",\"url\":\"https:\\\/\\\/www.saporinostri.it\\\/cipolle-rosse-caramellate-tropea-calabria-igp-delizie-di-calabria\\\/\",\"name\":\"Cipolle Rosse Caramellate di Tropea IGP Delizie di Calabria 590g\",\"isPartOf\":{\"@id\":\"https:\\\/\\\/www.saporinostri.it\\\/#website\"},\"primaryImageOfPage\":{\"@id\":\"https:\\\/\\\/www.saporinostri.it\\\/cipolle-rosse-caramellate-tropea-calabria-igp-delizie-di-calabria\\\/#primaryimage\"},\"image\":{\"@id\":\"https:\\\/\\\/www.saporinostri.it\\\/cipolle-rosse-caramellate-tropea-calabria-igp-delizie-di-calabria\\\/#primaryimage\"},\"thumbnailUrl\":\"https:\\\/\\\/www.saporinostri.it\\\/wp-content\\\/uploads\\\/2026\\\/01\\\/cipolle-rosse-caramellate-delizie-di-calabria-front.jpg\",\"datePublished\":\"2026-01-28T11:15:05+00:00\",\"dateModified\":\"2026-03-24T09:25:58+00:00\",\"description\":\"Cipolle Rosse Caramellate di Tropea Calabria IGP Delizie di Calabria dal gusto dolce e aromatico. Ideali per formaggi, carni e piatti gourmet.\",\"breadcrumb\":{\"@id\":\"https:\\\/\\\/www.saporinostri.it\\\/cipolle-rosse-caramellate-tropea-calabria-igp-delizie-di-calabria\\\/#breadcrumb\"},\"inLanguage\":\"fr-FR\",\"potentialAction\":[{\"@type\":\"ReadAction\",\"target\":[\"https:\\\/\\\/www.saporinostri.it\\\/cipolle-rosse-caramellate-tropea-calabria-igp-delizie-di-calabria\\\/\"]}]},{\"@type\":\"ImageObject\",\"inLanguage\":\"fr-FR\",\"@id\":\"https:\\\/\\\/www.saporinostri.it\\\/cipolle-rosse-caramellate-tropea-calabria-igp-delizie-di-calabria\\\/#primaryimage\",\"url\":\"https:\\\/\\\/www.saporinostri.it\\\/wp-content\\\/uploads\\\/2026\\\/01\\\/cipolle-rosse-caramellate-delizie-di-calabria-front.jpg\",\"contentUrl\":\"https:\\\/\\\/www.saporinostri.it\\\/wp-content\\\/uploads\\\/2026\\\/01\\\/cipolle-rosse-caramellate-delizie-di-calabria-front.jpg\",\"width\":1280,\"height\":1280,\"caption\":\"Cipolle Rosse Caramellate Delizie di Calabria\"},{\"@type\":\"BreadcrumbList\",\"@id\":\"https:\\\/\\\/www.saporinostri.it\\\/cipolle-rosse-caramellate-tropea-calabria-igp-delizie-di-calabria\\\/#breadcrumb\",\"itemListElement\":[{\"@type\":\"ListItem\",\"position\":1,\"name\":\"Home\",\"item\":\"https:\\\/\\\/www.saporinostri.it\\\/\"},{\"@type\":\"ListItem\",\"position\":2,\"name\":\"Shop\",\"item\":\"https:\\\/\\\/www.saporinostri.it\\\/fr\\\/shop\\\/\"},{\"@type\":\"ListItem\",\"position\":3,\"name\":\"Cipolle Rosse Caramellate di Tropea Calabria IGP 590 g Delizie di Calabria\"}]},{\"@type\":\"WebSite\",\"@id\":\"https:\\\/\\\/www.saporinostri.it\\\/#website\",\"url\":\"https:\\\/\\\/www.saporinostri.it\\\/\",\"name\":\"Sapori Nostri\",\"description\":\"\",\"publisher\":{\"@id\":\"https:\\\/\\\/www.saporinostri.it\\\/#organization\"},\"potentialAction\":[{\"@type\":\"SearchAction\",\"target\":{\"@type\":\"EntryPoint\",\"urlTemplate\":\"https:\\\/\\\/www.saporinostri.it\\\/?s={search_term_string}\"},\"query-input\":{\"@type\":\"PropertyValueSpecification\",\"valueRequired\":true,\"valueName\":\"search_term_string\"}}],\"inLanguage\":\"fr-FR\"},{\"@type\":\"Organization\",\"@id\":\"https:\\\/\\\/www.saporinostri.it\\\/#organization\",\"name\":\"Sapori Nostri\",\"url\":\"https:\\\/\\\/www.saporinostri.it\\\/\",\"logo\":{\"@type\":\"ImageObject\",\"inLanguage\":\"fr-FR\",\"@id\":\"https:\\\/\\\/www.saporinostri.it\\\/#\\\/schema\\\/logo\\\/image\\\/\",\"url\":\"https:\\\/\\\/www.saporinostri.it\\\/wp-content\\\/uploads\\\/2020\\\/05\\\/logo-retina.png\",\"contentUrl\":\"https:\\\/\\\/www.saporinostri.it\\\/wp-content\\\/uploads\\\/2020\\\/05\\\/logo-retina.png\",\"width\":500,\"height\":109,\"caption\":\"Sapori Nostri\"},\"image\":{\"@id\":\"https:\\\/\\\/www.saporinostri.it\\\/#\\\/schema\\\/logo\\\/image\\\/\"},\"sameAs\":[\"https:\\\/\\\/www.facebook.com\\\/saporinostri.it\\\/\",\"https:\\\/\\\/www.instagram.com\\\/saporinostri.it\\\/\"]}]}<\/script>\n<meta property=\"product:brand\" content=\"Delizie di Calabria\" \/>\n<meta property=\"product:price:amount\" content=\"9.49\" \/>\n<meta property=\"product:price:currency\" content=\"EUR\" \/>\n<meta property=\"og:availability\" content=\"instock\" \/>\n<meta property=\"product:availability\" content=\"instock\" \/>\n<meta property=\"product:condition\" content=\"new\" \/>\n<!-- \/ Yoast SEO Premium plugin. -->","yoast_head_json":{"title":"Oignons Rouges Caram\u00e9lis\u00e9s de Tropea IGP Delizie di Calabria 590g","description":"Oignons rouges caram\u00e9lis\u00e9s de Tropea, Calabre IGP. Ces d\u00e9lices calabrais offrent une saveur douce et aromatique. Id\u00e9aux pour accompagner fromages, viandes et plats gastronomiques.","robots":{"index":"index","follow":"follow","max-snippet":"max-snippet:-1","max-image-preview":"max-image-preview:large","max-video-preview":"max-video-preview:-1"},"canonical":"https:\/\/www.saporinostri.it\/fr\/cipolle-rosse-caramellate-tropea-calabria-igp-delizie-di-calabria\/","og_locale":"fr_FR","og_type":"article","og_title":"Cipolle Rosse Caramellate di Tropea Calabria IGP 590 g Delizie di Calabria","og_description":"Cipolle Rosse Caramellate di Tropea Calabria IGP Delizie di Calabria dal gusto dolce e aromatico. Ideali per formaggi, carni e piatti gourmet.","og_url":"https:\/\/www.saporinostri.it\/fr\/cipolle-rosse-caramellate-tropea-calabria-igp-delizie-di-calabria\/","og_site_name":"Sapori Nostri","article_publisher":"https:\/\/www.facebook.com\/saporinostri.it\/","article_modified_time":"2026-03-24T09:25:58+00:00","og_image":[{"width":1280,"height":1280,"url":"https:\/\/www.saporinostri.it\/wp-content\/uploads\/2026\/01\/cipolle-rosse-caramellate-delizie-di-calabria-front.jpg","type":"image\/jpeg"}],"twitter_card":"summary_large_image","twitter_misc":{"Prix":"&euro;9,49","Disponibilit\u00e9":"En stock"},"schema":{"@context":"https:\/\/schema.org","@graph":[{"@type":"WebPage","@id":"https:\/\/www.saporinostri.it\/cipolle-rosse-caramellate-tropea-calabria-igp-delizie-di-calabria\/","url":"https:\/\/www.saporinostri.it\/cipolle-rosse-caramellate-tropea-calabria-igp-delizie-di-calabria\/","name":"Oignons Rouges Caram\u00e9lis\u00e9s de Tropea IGP Delizie di Calabria 590g","isPartOf":{"@id":"https:\/\/www.saporinostri.it\/#website"},"primaryImageOfPage":{"@id":"https:\/\/www.saporinostri.it\/cipolle-rosse-caramellate-tropea-calabria-igp-delizie-di-calabria\/#primaryimage"},"image":{"@id":"https:\/\/www.saporinostri.it\/cipolle-rosse-caramellate-tropea-calabria-igp-delizie-di-calabria\/#primaryimage"},"thumbnailUrl":"https:\/\/www.saporinostri.it\/wp-content\/uploads\/2026\/01\/cipolle-rosse-caramellate-delizie-di-calabria-front.jpg","datePublished":"2026-01-28T11:15:05+00:00","dateModified":"2026-03-24T09:25:58+00:00","description":"Oignons rouges caram\u00e9lis\u00e9s de Tropea, Calabre IGP. Ces d\u00e9lices calabrais offrent une saveur douce et aromatique. Id\u00e9aux pour accompagner fromages, viandes et plats gastronomiques.","breadcrumb":{"@id":"https:\/\/www.saporinostri.it\/cipolle-rosse-caramellate-tropea-calabria-igp-delizie-di-calabria\/#breadcrumb"},"inLanguage":"fr-FR","potentialAction":[{"@type":"ReadAction","target":["https:\/\/www.saporinostri.it\/cipolle-rosse-caramellate-tropea-calabria-igp-delizie-di-calabria\/"]}]},{"@type":"ImageObject","inLanguage":"fr-FR","@id":"https:\/\/www.saporinostri.it\/cipolle-rosse-caramellate-tropea-calabria-igp-delizie-di-calabria\/#primaryimage","url":"https:\/\/www.saporinostri.it\/wp-content\/uploads\/2026\/01\/cipolle-rosse-caramellate-delizie-di-calabria-front.jpg","contentUrl":"https:\/\/www.saporinostri.it\/wp-content\/uploads\/2026\/01\/cipolle-rosse-caramellate-delizie-di-calabria-front.jpg","width":1280,"height":1280,"caption":"Cipolle Rosse Caramellate Delizie di Calabria"},{"@type":"BreadcrumbList","@id":"https:\/\/www.saporinostri.it\/cipolle-rosse-caramellate-tropea-calabria-igp-delizie-di-calabria\/#breadcrumb","itemListElement":[{"@type":"ListItem","position":1,"name":"Home","item":"https:\/\/www.saporinostri.it\/"},{"@type":"ListItem","position":2,"name":"Shop","item":"https:\/\/www.saporinostri.it\/fr\/shop\/"},{"@type":"ListItem","position":3,"name":"Cipolle Rosse Caramellate di Tropea Calabria IGP 590 g Delizie di Calabria"}]},{"@type":"WebSite","@id":"https:\/\/www.saporinostri.it\/#website","url":"https:\/\/www.saporinostri.it\/","name":"Sapori Nostri","description":"","publisher":{"@id":"https:\/\/www.saporinostri.it\/#organization"},"potentialAction":[{"@type":"SearchAction","target":{"@type":"EntryPoint","urlTemplate":"https:\/\/www.saporinostri.it\/?s={search_term_string}"},"query-input":{"@type":"PropertyValueSpecification","valueRequired":true,"valueName":"search_term_string"}}],"inLanguage":"fr-FR"},{"@type":"Organization","@id":"https:\/\/www.saporinostri.it\/#organization","name":"Sapori Nostri","url":"https:\/\/www.saporinostri.it\/","logo":{"@type":"ImageObject","inLanguage":"fr-FR","@id":"https:\/\/www.saporinostri.it\/#\/schema\/logo\/image\/","url":"https:\/\/www.saporinostri.it\/wp-content\/uploads\/2020\/05\/logo-retina.png","contentUrl":"https:\/\/www.saporinostri.it\/wp-content\/uploads\/2020\/05\/logo-retina.png","width":500,"height":109,"caption":"Sapori Nostri"},"image":{"@id":"https:\/\/www.saporinostri.it\/#\/schema\/logo\/image\/"},"sameAs":["https:\/\/www.facebook.com\/saporinostri.it\/","https:\/\/www.instagram.com\/saporinostri.it\/"]}]},"product_brand":"Delizie di Calabria","product_price_amount":"9.49","product_price_currency":"EUR","og_availability":"instock","product_availability":"instock","product_condition":"new"},"jetpack_sharing_enabled":true,"brands":[{"id":653,"name":"D\u00e9lices calabrais","slug":"delizie-di-calabria"}],"_links":{"self":[{"href":"https:\/\/www.saporinostri.it\/fr\/wp-json\/wp\/v2\/product\/38073","targetHints":{"allow":["GET"]}}],"collection":[{"href":"https:\/\/www.saporinostri.it\/fr\/wp-json\/wp\/v2\/product"}],"about":[{"href":"https:\/\/www.saporinostri.it\/fr\/wp-json\/wp\/v2\/types\/product"}],"replies":[{"embeddable":true,"href":"https:\/\/www.saporinostri.it\/fr\/wp-json\/wp\/v2\/comments?post=38073"}],"wp:featuredmedia":[{"embeddable":true,"href":"https:\/\/www.saporinostri.it\/fr\/wp-json\/wp\/v2\/media\/38152"}],"wp:attachment":[{"href":"https:\/\/www.saporinostri.it\/fr\/wp-json\/wp\/v2\/media?parent=38073"}],"wp:term":[{"taxonomy":"pwb-brand","embeddable":true,"href":"https:\/\/www.saporinostri.it\/fr\/wp-json\/wp\/v2\/pwb-brand?post=38073"},{"taxonomy":"product_brand","embeddable":true,"href":"https:\/\/www.saporinostri.it\/fr\/wp-json\/wp\/v2\/product_brand?post=38073"},{"taxonomy":"product_cat","embeddable":true,"href":"https:\/\/www.saporinostri.it\/fr\/wp-json\/wp\/v2\/product_cat?post=38073"},{"taxonomy":"product_tag","embeddable":true,"href":"https:\/\/www.saporinostri.it\/fr\/wp-json\/wp\/v2\/product_tag?post=38073"}],"curies":[{"name":"wp","href":"https:\/\/api.w.org\/{rel}","templated":true}]}}