{"id":38662,"date":"2026-02-17T11:46:19","date_gmt":"2026-02-17T10:46:19","guid":{"rendered":"https:\/\/www.saporinostri.it\/?post_type=product&#038;p=38662"},"modified":"2026-02-17T12:07:59","modified_gmt":"2026-02-17T11:07:59","slug":"fiocchi-di-sale-marino-maldon-55g-macina-sale","status":"publish","type":"product","link":"https:\/\/www.saporinostri.it\/fr\/fiocchi-di-sale-marino-maldon-55g-macina-sale\/","title":{"rendered":"Flocons de sel de mer de Maldon, moulin \u00e0 sel 55 g"},"content":{"rendered":"<p style=\"font-size: 1.1em; line-height: 1.3em; color: #333;\">Le sel de Maldon est produit depuis 1882, id\u00e9al avec les viandes et poissons grill\u00e9s, les r\u00f4tis ou sur du caprese afin de rehausser au mieux la saveur des ingr\u00e9dients sans les recouvrir. Les flocons de sel marin de Maldon sont doux et croquants, contiennent le bon m\u00e9lange de min\u00e9raux naturels et offrent la fra\u00eecheur intense et le go\u00fbt propre qui peuvent rehausser n&#039;importe quel plat.<\/p>\n<p style=\"font-size: 1.1em; line-height: 1.3em; color: #333;\">Les cristaux en forme de pyramide sont la marque de fabrique de Maldon, reconnu dans le monde entier comme le meilleur sel marin anglais du march\u00e9. Nos flocons lib\u00e8rent leur salinit\u00e9 avec une douce pr\u00e9cision, donnant une intensit\u00e9 fra\u00eeche et un go\u00fbt net. Un ingr\u00e9dient tr\u00e8s polyvalent \u00e0 utiliser \u00e0 tout moment du processus de cuisson.<\/p>","protected":false},"excerpt":{"rendered":"<p>Le sel de Maldon est produit depuis 1882, id\u00e9al avec les viandes et poissons grill\u00e9s, les r\u00f4tis ou sur du caprese afin de rehausser au mieux la saveur des ingr\u00e9dients sans les recouvrir. Les flocons de sel marin de Maldon sont doux et croquants, contiennent le bon m\u00e9lange de min\u00e9raux naturels et offrent la fra\u00eecheur intense et le go\u00fbt propre qui peuvent rehausser n&#039;importe quel plat.<\/p>","protected":false},"featured_media":38665,"comment_status":"open","ping_status":"closed","template":"","meta":{"_acf_changed":false,"inline_featured_image":false,"wprm-recipe-roundup-name":"","wprm-recipe-roundup-description":"","_monsterinsights_skip_tracking":false,"_monsterinsights_sitenote_active":false,"_monsterinsights_sitenote_note":"","_monsterinsights_sitenote_category":0},"pwb-brand":[661],"product_brand":[],"product_cat":[645],"product_tag":[],"class_list":{"0":"post-38662","1":"product","2":"type-product","3":"status-publish","4":"has-post-thumbnail","6":"pwb-brand-maldon","7":"product_cat-gourmet","9":"first","10":"instock","11":"sale","12":"taxable","13":"shipping-taxable","14":"purchasable","15":"product-type-simple"},"acf":[],"yoast_head":"<!-- This site is optimized with the Yoast SEO Premium plugin v23.7 (Yoast SEO v27.3) - https:\/\/yoast.com\/product\/yoast-seo-premium-wordpress\/ -->\n<title>Fiocchi di Sale Marino Maldon 55g macina sale - Sapori Nostri<\/title>\n<meta name=\"description\" content=\"Fiocchi di Sale Marino Maldon, morbidi e croccanti contengono il giusto mix di minerali naturali ed offrono intensa freschezza ed un gusto pulito\" \/>\n<meta name=\"robots\" content=\"index, follow, max-snippet:-1, max-image-preview:large, max-video-preview:-1\" \/>\n<link rel=\"canonical\" href=\"https:\/\/www.saporinostri.it\/fr\/fiocchi-di-sale-marino-maldon-55g-macina-sale\/\" \/>\n<meta property=\"og:locale\" content=\"fr_FR\" \/>\n<meta property=\"og:type\" content=\"article\" \/>\n<meta property=\"og:title\" content=\"Fiocchi di Sale Marino Maldon 55g macina sale\" \/>\n<meta property=\"og:description\" content=\"Fiocchi di Sale Marino Maldon, morbidi e croccanti contengono il giusto mix di minerali naturali ed offrono intensa freschezza ed un gusto pulito\" \/>\n<meta property=\"og:url\" content=\"https:\/\/www.saporinostri.it\/fr\/fiocchi-di-sale-marino-maldon-55g-macina-sale\/\" \/>\n<meta property=\"og:site_name\" content=\"Sapori Nostri\" \/>\n<meta property=\"article:publisher\" content=\"https:\/\/www.facebook.com\/saporinostri.it\/\" \/>\n<meta property=\"article:modified_time\" content=\"2026-02-17T11:07:59+00:00\" \/>\n<meta name=\"twitter:card\" content=\"summary_large_image\" \/>\n<meta name=\"twitter:label1\" content=\"Prix\" \/>\n\t<meta name=\"twitter:data1\" content=\"&euro;6,49\" \/>\n\t<meta name=\"twitter:label2\" content=\"Disponibilit\u00e9\" \/>\n\t<meta name=\"twitter:data2\" content=\"En stock\" \/>\n<script type=\"application\/ld+json\" class=\"yoast-schema-graph\">{\"@context\":\"https:\\\/\\\/schema.org\",\"@graph\":[{\"@type\":\"WebPage\",\"@id\":\"https:\\\/\\\/www.saporinostri.it\\\/fiocchi-di-sale-marino-maldon-55g-macina-sale\\\/\",\"url\":\"https:\\\/\\\/www.saporinostri.it\\\/fiocchi-di-sale-marino-maldon-55g-macina-sale\\\/\",\"name\":\"Fiocchi di Sale Marino Maldon 55g macina sale - Sapori Nostri\",\"isPartOf\":{\"@id\":\"https:\\\/\\\/www.saporinostri.it\\\/#website\"},\"primaryImageOfPage\":{\"@id\":\"https:\\\/\\\/www.saporinostri.it\\\/fiocchi-di-sale-marino-maldon-55g-macina-sale\\\/#primaryimage\"},\"image\":{\"@id\":\"https:\\\/\\\/www.saporinostri.it\\\/fiocchi-di-sale-marino-maldon-55g-macina-sale\\\/#primaryimage\"},\"thumbnailUrl\":\"https:\\\/\\\/www.saporinostri.it\\\/wp-content\\\/uploads\\\/2026\\\/02\\\/maldon-55g.svg\",\"datePublished\":\"2026-02-17T10:46:19+00:00\",\"dateModified\":\"2026-02-17T11:07:59+00:00\",\"description\":\"Fiocchi di Sale Marino Maldon, morbidi e croccanti contengono il giusto mix di minerali naturali ed offrono intensa freschezza ed un gusto pulito\",\"breadcrumb\":{\"@id\":\"https:\\\/\\\/www.saporinostri.it\\\/fiocchi-di-sale-marino-maldon-55g-macina-sale\\\/#breadcrumb\"},\"inLanguage\":\"fr-FR\",\"potentialAction\":[{\"@type\":\"ReadAction\",\"target\":[\"https:\\\/\\\/www.saporinostri.it\\\/fiocchi-di-sale-marino-maldon-55g-macina-sale\\\/\"]}]},{\"@type\":\"ImageObject\",\"inLanguage\":\"fr-FR\",\"@id\":\"https:\\\/\\\/www.saporinostri.it\\\/fiocchi-di-sale-marino-maldon-55g-macina-sale\\\/#primaryimage\",\"url\":\"https:\\\/\\\/www.saporinostri.it\\\/wp-content\\\/uploads\\\/2026\\\/02\\\/maldon-55g.svg\",\"contentUrl\":\"https:\\\/\\\/www.saporinostri.it\\\/wp-content\\\/uploads\\\/2026\\\/02\\\/maldon-55g.svg\",\"width\":1280,\"height\":1280},{\"@type\":\"BreadcrumbList\",\"@id\":\"https:\\\/\\\/www.saporinostri.it\\\/fiocchi-di-sale-marino-maldon-55g-macina-sale\\\/#breadcrumb\",\"itemListElement\":[{\"@type\":\"ListItem\",\"position\":1,\"name\":\"Home\",\"item\":\"https:\\\/\\\/www.saporinostri.it\\\/\"},{\"@type\":\"ListItem\",\"position\":2,\"name\":\"Shop\",\"item\":\"https:\\\/\\\/www.saporinostri.it\\\/fr\\\/shop\\\/\"},{\"@type\":\"ListItem\",\"position\":3,\"name\":\"Fiocchi di Sale Marino Maldon 55g macina sale\"}]},{\"@type\":\"WebSite\",\"@id\":\"https:\\\/\\\/www.saporinostri.it\\\/#website\",\"url\":\"https:\\\/\\\/www.saporinostri.it\\\/\",\"name\":\"Sapori Nostri\",\"description\":\"\",\"publisher\":{\"@id\":\"https:\\\/\\\/www.saporinostri.it\\\/#organization\"},\"potentialAction\":[{\"@type\":\"SearchAction\",\"target\":{\"@type\":\"EntryPoint\",\"urlTemplate\":\"https:\\\/\\\/www.saporinostri.it\\\/?s={search_term_string}\"},\"query-input\":{\"@type\":\"PropertyValueSpecification\",\"valueRequired\":true,\"valueName\":\"search_term_string\"}}],\"inLanguage\":\"fr-FR\"},{\"@type\":\"Organization\",\"@id\":\"https:\\\/\\\/www.saporinostri.it\\\/#organization\",\"name\":\"Sapori Nostri\",\"url\":\"https:\\\/\\\/www.saporinostri.it\\\/\",\"logo\":{\"@type\":\"ImageObject\",\"inLanguage\":\"fr-FR\",\"@id\":\"https:\\\/\\\/www.saporinostri.it\\\/#\\\/schema\\\/logo\\\/image\\\/\",\"url\":\"https:\\\/\\\/www.saporinostri.it\\\/wp-content\\\/uploads\\\/2020\\\/05\\\/logo-retina.png\",\"contentUrl\":\"https:\\\/\\\/www.saporinostri.it\\\/wp-content\\\/uploads\\\/2020\\\/05\\\/logo-retina.png\",\"width\":500,\"height\":109,\"caption\":\"Sapori Nostri\"},\"image\":{\"@id\":\"https:\\\/\\\/www.saporinostri.it\\\/#\\\/schema\\\/logo\\\/image\\\/\"},\"sameAs\":[\"https:\\\/\\\/www.facebook.com\\\/saporinostri.it\\\/\",\"https:\\\/\\\/www.instagram.com\\\/saporinostri.it\\\/\"]}]}<\/script>\n<meta property=\"product:brand\" content=\"Maldon\" \/>\n<meta property=\"product:price:amount\" content=\"6.49\" \/>\n<meta property=\"product:price:currency\" content=\"EUR\" \/>\n<meta property=\"og:availability\" content=\"instock\" \/>\n<meta property=\"product:availability\" content=\"instock\" \/>\n<meta property=\"product:retailer_item_id\" content=\"5011428000232\" \/>\n<meta property=\"product:condition\" content=\"new\" \/>\n<!-- \/ Yoast SEO Premium plugin. -->","yoast_head_json":{"title":"Flocons de sel de mer de Maldon 55 g Moulin \u00e0 sel - Sapori Nostri","description":"Les flocons de sel de mer de Maldon, doux et croquants, contiennent le bon m\u00e9lange de min\u00e9raux naturels et offrent une fra\u00eecheur intense et un go\u00fbt pur.","robots":{"index":"index","follow":"follow","max-snippet":"max-snippet:-1","max-image-preview":"max-image-preview:large","max-video-preview":"max-video-preview:-1"},"canonical":"https:\/\/www.saporinostri.it\/fr\/fiocchi-di-sale-marino-maldon-55g-macina-sale\/","og_locale":"fr_FR","og_type":"article","og_title":"Fiocchi di Sale Marino Maldon 55g macina sale","og_description":"Fiocchi di Sale Marino Maldon, morbidi e croccanti contengono il giusto mix di minerali naturali ed offrono intensa freschezza ed un gusto pulito","og_url":"https:\/\/www.saporinostri.it\/fr\/fiocchi-di-sale-marino-maldon-55g-macina-sale\/","og_site_name":"Sapori Nostri","article_publisher":"https:\/\/www.facebook.com\/saporinostri.it\/","article_modified_time":"2026-02-17T11:07:59+00:00","twitter_card":"summary_large_image","twitter_misc":{"Prix":"&euro;6,49","Disponibilit\u00e9":"En stock"},"schema":{"@context":"https:\/\/schema.org","@graph":[{"@type":"WebPage","@id":"https:\/\/www.saporinostri.it\/fiocchi-di-sale-marino-maldon-55g-macina-sale\/","url":"https:\/\/www.saporinostri.it\/fiocchi-di-sale-marino-maldon-55g-macina-sale\/","name":"Flocons de sel de mer de Maldon 55 g Moulin \u00e0 sel - Sapori Nostri","isPartOf":{"@id":"https:\/\/www.saporinostri.it\/#website"},"primaryImageOfPage":{"@id":"https:\/\/www.saporinostri.it\/fiocchi-di-sale-marino-maldon-55g-macina-sale\/#primaryimage"},"image":{"@id":"https:\/\/www.saporinostri.it\/fiocchi-di-sale-marino-maldon-55g-macina-sale\/#primaryimage"},"thumbnailUrl":"https:\/\/www.saporinostri.it\/wp-content\/uploads\/2026\/02\/maldon-55g.svg","datePublished":"2026-02-17T10:46:19+00:00","dateModified":"2026-02-17T11:07:59+00:00","description":"Les flocons de sel de mer de Maldon, doux et croquants, contiennent le bon m\u00e9lange de min\u00e9raux naturels et offrent une fra\u00eecheur intense et un go\u00fbt pur.","breadcrumb":{"@id":"https:\/\/www.saporinostri.it\/fiocchi-di-sale-marino-maldon-55g-macina-sale\/#breadcrumb"},"inLanguage":"fr-FR","potentialAction":[{"@type":"ReadAction","target":["https:\/\/www.saporinostri.it\/fiocchi-di-sale-marino-maldon-55g-macina-sale\/"]}]},{"@type":"ImageObject","inLanguage":"fr-FR","@id":"https:\/\/www.saporinostri.it\/fiocchi-di-sale-marino-maldon-55g-macina-sale\/#primaryimage","url":"https:\/\/www.saporinostri.it\/wp-content\/uploads\/2026\/02\/maldon-55g.svg","contentUrl":"https:\/\/www.saporinostri.it\/wp-content\/uploads\/2026\/02\/maldon-55g.svg","width":1280,"height":1280},{"@type":"BreadcrumbList","@id":"https:\/\/www.saporinostri.it\/fiocchi-di-sale-marino-maldon-55g-macina-sale\/#breadcrumb","itemListElement":[{"@type":"ListItem","position":1,"name":"Home","item":"https:\/\/www.saporinostri.it\/"},{"@type":"ListItem","position":2,"name":"Shop","item":"https:\/\/www.saporinostri.it\/fr\/shop\/"},{"@type":"ListItem","position":3,"name":"Fiocchi di Sale Marino Maldon 55g macina sale"}]},{"@type":"WebSite","@id":"https:\/\/www.saporinostri.it\/#website","url":"https:\/\/www.saporinostri.it\/","name":"Sapori Nostri","description":"","publisher":{"@id":"https:\/\/www.saporinostri.it\/#organization"},"potentialAction":[{"@type":"SearchAction","target":{"@type":"EntryPoint","urlTemplate":"https:\/\/www.saporinostri.it\/?s={search_term_string}"},"query-input":{"@type":"PropertyValueSpecification","valueRequired":true,"valueName":"search_term_string"}}],"inLanguage":"fr-FR"},{"@type":"Organization","@id":"https:\/\/www.saporinostri.it\/#organization","name":"Sapori Nostri","url":"https:\/\/www.saporinostri.it\/","logo":{"@type":"ImageObject","inLanguage":"fr-FR","@id":"https:\/\/www.saporinostri.it\/#\/schema\/logo\/image\/","url":"https:\/\/www.saporinostri.it\/wp-content\/uploads\/2020\/05\/logo-retina.png","contentUrl":"https:\/\/www.saporinostri.it\/wp-content\/uploads\/2020\/05\/logo-retina.png","width":500,"height":109,"caption":"Sapori Nostri"},"image":{"@id":"https:\/\/www.saporinostri.it\/#\/schema\/logo\/image\/"},"sameAs":["https:\/\/www.facebook.com\/saporinostri.it\/","https:\/\/www.instagram.com\/saporinostri.it\/"]}]},"product_brand":"Maldon","product_price_amount":"6.49","product_price_currency":"EUR","og_availability":"instock","product_availability":"instock","product_retailer_item_id":"5011428000232","product_condition":"new"},"jetpack_sharing_enabled":true,"brands":[{"id":661,"name":"Maldon","slug":"maldon"}],"_links":{"self":[{"href":"https:\/\/www.saporinostri.it\/fr\/wp-json\/wp\/v2\/product\/38662","targetHints":{"allow":["GET"]}}],"collection":[{"href":"https:\/\/www.saporinostri.it\/fr\/wp-json\/wp\/v2\/product"}],"about":[{"href":"https:\/\/www.saporinostri.it\/fr\/wp-json\/wp\/v2\/types\/product"}],"replies":[{"embeddable":true,"href":"https:\/\/www.saporinostri.it\/fr\/wp-json\/wp\/v2\/comments?post=38662"}],"wp:featuredmedia":[{"embeddable":true,"href":"https:\/\/www.saporinostri.it\/fr\/wp-json\/wp\/v2\/media\/38665"}],"wp:attachment":[{"href":"https:\/\/www.saporinostri.it\/fr\/wp-json\/wp\/v2\/media?parent=38662"}],"wp:term":[{"taxonomy":"pwb-brand","embeddable":true,"href":"https:\/\/www.saporinostri.it\/fr\/wp-json\/wp\/v2\/pwb-brand?post=38662"},{"taxonomy":"product_brand","embeddable":true,"href":"https:\/\/www.saporinostri.it\/fr\/wp-json\/wp\/v2\/product_brand?post=38662"},{"taxonomy":"product_cat","embeddable":true,"href":"https:\/\/www.saporinostri.it\/fr\/wp-json\/wp\/v2\/product_cat?post=38662"},{"taxonomy":"product_tag","embeddable":true,"href":"https:\/\/www.saporinostri.it\/fr\/wp-json\/wp\/v2\/product_tag?post=38662"}],"curies":[{"name":"wp","href":"https:\/\/api.w.org\/{rel}","templated":true}]}}