{"id":4429,"date":"2020-11-03T13:05:14","date_gmt":"2020-11-03T12:05:14","guid":{"rendered":"https:\/\/woocommerce-587295-4567585.cloudwaysapps.com\/?post_type=product&#038;p=4429"},"modified":"2024-11-05T18:37:22","modified_gmt":"2024-11-05T17:37:22","slug":"olio-extravergine-di-oliva-porto-di-mola-cassetta-regalo-in-legno","status":"publish","type":"product","link":"https:\/\/www.saporinostri.it\/fr\/olio-extravergine-di-oliva-porto-di-mola-cassetta-regalo-in-legno\/","title":{"rendered":"Coffret cadeau en bois d&#039;huile d&#039;olive extra vierge Porto di Mola"},"content":{"rendered":"<p style=\"font-size: 1.2em; line-height: 1.5; color: #121212; margin-bottom: 20px;\">Une petite excellence de notre territoire est la sessana, une olive originaire de Terra Laboris, dont on extrait une huile de couleur jaune paille, avec des nuances tendant au vert. Il a une teneur \u00e9lev\u00e9e en polyph\u00e9nols et un fruit\u00e9 moyennement intense.<\/p>","protected":false},"excerpt":{"rendered":"<div style=\"font-size: 1.06em; color: #333; line-height: 1.3em;\">Coffret en bois avec 4 bouteilles d&#039;huile d&#039;olive extra vierge biologique Porto di Mola<\/div>\n<div style=\"font-size: 1.06em; color: #333; line-height: 1.3em;\">1 x huile d&#039;olive extra vierge 250 ml<br \/>\n1 x Huile d&#039;Olive Extra Vierge DOP 250 ml<br \/>\n1 x Huile d&#039;Olive Extra Vierge Fum\u00e9e 250 ml<br \/>\n1 x Huile d&#039;Olive Extra Vierge Itrana 250 ml<\/div>","protected":false},"featured_media":4431,"comment_status":"open","ping_status":"closed","template":"","meta":{"_acf_changed":false,"inline_featured_image":false,"wprm-recipe-roundup-name":"","wprm-recipe-roundup-description":"","_monsterinsights_skip_tracking":false,"_monsterinsights_sitenote_active":false,"_monsterinsights_sitenote_note":"","_monsterinsights_sitenote_category":0},"pwb-brand":[191],"product_brand":[],"product_cat":[194],"product_tag":[],"class_list":{"0":"post-4429","1":"product","2":"type-product","3":"status-publish","4":"has-post-thumbnail","6":"pwb-brand-porto-di-mola","7":"product_cat-olio","9":"first","10":"outofstock","11":"sale","12":"taxable","13":"shipping-taxable","14":"purchasable","15":"product-type-simple"},"acf":[],"yoast_head":"<!-- This site is optimized with the Yoast SEO Premium plugin v23.7 (Yoast SEO v27.3) - https:\/\/yoast.com\/product\/yoast-seo-premium-wordpress\/ -->\n<title>Olio Extravergine Di Oliva Porto di Mola - Cassetta Regalo - Sapori Nostri<\/title>\n<meta name=\"description\" content=\"Cassetta Regalo in legno con Olio Extravergine di Oliva Porto di Mola, prodotto con oliva originaria della Terra di Lavoro, olio 100% italiano\" \/>\n<meta name=\"robots\" content=\"index, follow, max-snippet:-1, max-image-preview:large, max-video-preview:-1\" \/>\n<link rel=\"canonical\" href=\"https:\/\/www.saporinostri.it\/fr\/olio-extravergine-di-oliva-porto-di-mola-cassetta-regalo-in-legno\/\" \/>\n<meta property=\"og:locale\" content=\"fr_FR\" \/>\n<meta property=\"og:type\" content=\"article\" \/>\n<meta property=\"og:title\" content=\"Olio Extravergine Di Oliva Porto di Mola Cassetta Regalo in Legno\" \/>\n<meta property=\"og:description\" content=\"Cassetta Regalo in legno con Olio Extravergine di Oliva Porto di Mola, prodotto con oliva originaria della Terra di Lavoro, olio 100% italiano\" \/>\n<meta property=\"og:url\" content=\"https:\/\/www.saporinostri.it\/fr\/olio-extravergine-di-oliva-porto-di-mola-cassetta-regalo-in-legno\/\" \/>\n<meta property=\"og:site_name\" content=\"Sapori Nostri\" \/>\n<meta property=\"article:publisher\" content=\"https:\/\/www.facebook.com\/saporinostri.it\/\" \/>\n<meta property=\"article:modified_time\" content=\"2024-11-05T17:37:22+00:00\" \/>\n<meta property=\"og:image\" content=\"https:\/\/www.saporinostri.it\/wp-content\/uploads\/2020\/11\/confezione-regalo-olio-porto-di-mola-side.jpg\" \/>\n\t<meta property=\"og:image:width\" content=\"1100\" \/>\n\t<meta property=\"og:image:height\" content=\"1100\" \/>\n\t<meta property=\"og:image:type\" content=\"image\/jpeg\" \/>\n<meta name=\"twitter:card\" content=\"summary_large_image\" \/>\n<meta name=\"twitter:label1\" content=\"Prix\" \/>\n\t<meta name=\"twitter:data1\" content=\"&euro;49,90\" \/>\n\t<meta name=\"twitter:label2\" content=\"Disponibilit\u00e9\" \/>\n\t<meta name=\"twitter:data2\" content=\"Rupture de stock\" \/>\n<script type=\"application\/ld+json\" class=\"yoast-schema-graph\">{\"@context\":\"https:\\\/\\\/schema.org\",\"@graph\":[{\"@type\":\"WebPage\",\"@id\":\"https:\\\/\\\/www.saporinostri.it\\\/olio-extravergine-di-oliva-porto-di-mola-cassetta-regalo-in-legno\\\/\",\"url\":\"https:\\\/\\\/www.saporinostri.it\\\/olio-extravergine-di-oliva-porto-di-mola-cassetta-regalo-in-legno\\\/\",\"name\":\"Olio Extravergine Di Oliva Porto di Mola - Cassetta Regalo - Sapori Nostri\",\"isPartOf\":{\"@id\":\"https:\\\/\\\/www.saporinostri.it\\\/#website\"},\"primaryImageOfPage\":{\"@id\":\"https:\\\/\\\/www.saporinostri.it\\\/olio-extravergine-di-oliva-porto-di-mola-cassetta-regalo-in-legno\\\/#primaryimage\"},\"image\":{\"@id\":\"https:\\\/\\\/www.saporinostri.it\\\/olio-extravergine-di-oliva-porto-di-mola-cassetta-regalo-in-legno\\\/#primaryimage\"},\"thumbnailUrl\":\"https:\\\/\\\/www.saporinostri.it\\\/wp-content\\\/uploads\\\/2020\\\/11\\\/confezione-regalo-olio-porto-di-mola-side.jpg\",\"datePublished\":\"2020-11-03T12:05:14+00:00\",\"dateModified\":\"2024-11-05T17:37:22+00:00\",\"description\":\"Cassetta Regalo in legno con Olio Extravergine di Oliva Porto di Mola, prodotto con oliva originaria della Terra di Lavoro, olio 100% italiano\",\"breadcrumb\":{\"@id\":\"https:\\\/\\\/www.saporinostri.it\\\/olio-extravergine-di-oliva-porto-di-mola-cassetta-regalo-in-legno\\\/#breadcrumb\"},\"inLanguage\":\"fr-FR\",\"potentialAction\":[{\"@type\":\"ReadAction\",\"target\":[\"https:\\\/\\\/www.saporinostri.it\\\/olio-extravergine-di-oliva-porto-di-mola-cassetta-regalo-in-legno\\\/\"]}]},{\"@type\":\"ImageObject\",\"inLanguage\":\"fr-FR\",\"@id\":\"https:\\\/\\\/www.saporinostri.it\\\/olio-extravergine-di-oliva-porto-di-mola-cassetta-regalo-in-legno\\\/#primaryimage\",\"url\":\"https:\\\/\\\/www.saporinostri.it\\\/wp-content\\\/uploads\\\/2020\\\/11\\\/confezione-regalo-olio-porto-di-mola-side.jpg\",\"contentUrl\":\"https:\\\/\\\/www.saporinostri.it\\\/wp-content\\\/uploads\\\/2020\\\/11\\\/confezione-regalo-olio-porto-di-mola-side.jpg\",\"width\":1100,\"height\":1100,\"caption\":\"Olio Extravergine Di Oliva Porto di Mola Cassetta Regalo in Legno\"},{\"@type\":\"BreadcrumbList\",\"@id\":\"https:\\\/\\\/www.saporinostri.it\\\/olio-extravergine-di-oliva-porto-di-mola-cassetta-regalo-in-legno\\\/#breadcrumb\",\"itemListElement\":[{\"@type\":\"ListItem\",\"position\":1,\"name\":\"Home\",\"item\":\"https:\\\/\\\/www.saporinostri.it\\\/\"},{\"@type\":\"ListItem\",\"position\":2,\"name\":\"Shop\",\"item\":\"https:\\\/\\\/www.saporinostri.it\\\/fr\\\/shop\\\/\"},{\"@type\":\"ListItem\",\"position\":3,\"name\":\"Olio Extravergine Di Oliva Porto di Mola Cassetta Regalo in Legno\"}]},{\"@type\":\"WebSite\",\"@id\":\"https:\\\/\\\/www.saporinostri.it\\\/#website\",\"url\":\"https:\\\/\\\/www.saporinostri.it\\\/\",\"name\":\"Sapori Nostri\",\"description\":\"\",\"publisher\":{\"@id\":\"https:\\\/\\\/www.saporinostri.it\\\/#organization\"},\"potentialAction\":[{\"@type\":\"SearchAction\",\"target\":{\"@type\":\"EntryPoint\",\"urlTemplate\":\"https:\\\/\\\/www.saporinostri.it\\\/?s={search_term_string}\"},\"query-input\":{\"@type\":\"PropertyValueSpecification\",\"valueRequired\":true,\"valueName\":\"search_term_string\"}}],\"inLanguage\":\"fr-FR\"},{\"@type\":\"Organization\",\"@id\":\"https:\\\/\\\/www.saporinostri.it\\\/#organization\",\"name\":\"Sapori Nostri\",\"url\":\"https:\\\/\\\/www.saporinostri.it\\\/\",\"logo\":{\"@type\":\"ImageObject\",\"inLanguage\":\"fr-FR\",\"@id\":\"https:\\\/\\\/www.saporinostri.it\\\/#\\\/schema\\\/logo\\\/image\\\/\",\"url\":\"https:\\\/\\\/www.saporinostri.it\\\/wp-content\\\/uploads\\\/2020\\\/05\\\/logo-retina.png\",\"contentUrl\":\"https:\\\/\\\/www.saporinostri.it\\\/wp-content\\\/uploads\\\/2020\\\/05\\\/logo-retina.png\",\"width\":500,\"height\":109,\"caption\":\"Sapori Nostri\"},\"image\":{\"@id\":\"https:\\\/\\\/www.saporinostri.it\\\/#\\\/schema\\\/logo\\\/image\\\/\"},\"sameAs\":[\"https:\\\/\\\/www.facebook.com\\\/saporinostri.it\\\/\",\"https:\\\/\\\/www.instagram.com\\\/saporinostri.it\\\/\"]}]}<\/script>\n<meta property=\"product:brand\" content=\"Porto di Mola\" \/>\n<meta property=\"product:price:amount\" content=\"49.90\" \/>\n<meta property=\"product:price:currency\" content=\"EUR\" \/>\n<meta property=\"og:availability\" content=\"out of stock\" \/>\n<meta property=\"product:availability\" content=\"out of stock\" \/>\n<meta property=\"product:condition\" content=\"new\" \/>\n<!-- \/ Yoast SEO Premium plugin. -->","yoast_head_json":{"title":"Huile d&#039;Olive Extra Vierge Porto di Mola - Coffret Cadeau - Sapori Nostra","description":"Coffret cadeau en bois avec de l&#039;huile d&#039;olive extra vierge Porto di Mola, produite avec de l&#039;olive de Terra di Lavoro, huile italienne 100%","robots":{"index":"index","follow":"follow","max-snippet":"max-snippet:-1","max-image-preview":"max-image-preview:large","max-video-preview":"max-video-preview:-1"},"canonical":"https:\/\/www.saporinostri.it\/fr\/olio-extravergine-di-oliva-porto-di-mola-cassetta-regalo-in-legno\/","og_locale":"fr_FR","og_type":"article","og_title":"Olio Extravergine Di Oliva Porto di Mola Cassetta Regalo in Legno","og_description":"Cassetta Regalo in legno con Olio Extravergine di Oliva Porto di Mola, prodotto con oliva originaria della Terra di Lavoro, olio 100% italiano","og_url":"https:\/\/www.saporinostri.it\/fr\/olio-extravergine-di-oliva-porto-di-mola-cassetta-regalo-in-legno\/","og_site_name":"Sapori Nostri","article_publisher":"https:\/\/www.facebook.com\/saporinostri.it\/","article_modified_time":"2024-11-05T17:37:22+00:00","og_image":[{"width":1100,"height":1100,"url":"https:\/\/www.saporinostri.it\/wp-content\/uploads\/2020\/11\/confezione-regalo-olio-porto-di-mola-side.jpg","type":"image\/jpeg"}],"twitter_card":"summary_large_image","twitter_misc":{"Prix":"&euro;49,90","Disponibilit\u00e9":"Rupture de stock"},"schema":{"@context":"https:\/\/schema.org","@graph":[{"@type":"WebPage","@id":"https:\/\/www.saporinostri.it\/olio-extravergine-di-oliva-porto-di-mola-cassetta-regalo-in-legno\/","url":"https:\/\/www.saporinostri.it\/olio-extravergine-di-oliva-porto-di-mola-cassetta-regalo-in-legno\/","name":"Huile d&#039;Olive Extra Vierge Porto di Mola - Coffret Cadeau - Sapori Nostra","isPartOf":{"@id":"https:\/\/www.saporinostri.it\/#website"},"primaryImageOfPage":{"@id":"https:\/\/www.saporinostri.it\/olio-extravergine-di-oliva-porto-di-mola-cassetta-regalo-in-legno\/#primaryimage"},"image":{"@id":"https:\/\/www.saporinostri.it\/olio-extravergine-di-oliva-porto-di-mola-cassetta-regalo-in-legno\/#primaryimage"},"thumbnailUrl":"https:\/\/www.saporinostri.it\/wp-content\/uploads\/2020\/11\/confezione-regalo-olio-porto-di-mola-side.jpg","datePublished":"2020-11-03T12:05:14+00:00","dateModified":"2024-11-05T17:37:22+00:00","description":"Coffret cadeau en bois avec de l&#039;huile d&#039;olive extra vierge Porto di Mola, produite avec de l&#039;olive de Terra di Lavoro, huile italienne 100%","breadcrumb":{"@id":"https:\/\/www.saporinostri.it\/olio-extravergine-di-oliva-porto-di-mola-cassetta-regalo-in-legno\/#breadcrumb"},"inLanguage":"fr-FR","potentialAction":[{"@type":"ReadAction","target":["https:\/\/www.saporinostri.it\/olio-extravergine-di-oliva-porto-di-mola-cassetta-regalo-in-legno\/"]}]},{"@type":"ImageObject","inLanguage":"fr-FR","@id":"https:\/\/www.saporinostri.it\/olio-extravergine-di-oliva-porto-di-mola-cassetta-regalo-in-legno\/#primaryimage","url":"https:\/\/www.saporinostri.it\/wp-content\/uploads\/2020\/11\/confezione-regalo-olio-porto-di-mola-side.jpg","contentUrl":"https:\/\/www.saporinostri.it\/wp-content\/uploads\/2020\/11\/confezione-regalo-olio-porto-di-mola-side.jpg","width":1100,"height":1100,"caption":"Olio Extravergine Di Oliva Porto di Mola Cassetta Regalo in Legno"},{"@type":"BreadcrumbList","@id":"https:\/\/www.saporinostri.it\/olio-extravergine-di-oliva-porto-di-mola-cassetta-regalo-in-legno\/#breadcrumb","itemListElement":[{"@type":"ListItem","position":1,"name":"Home","item":"https:\/\/www.saporinostri.it\/"},{"@type":"ListItem","position":2,"name":"Shop","item":"https:\/\/www.saporinostri.it\/fr\/shop\/"},{"@type":"ListItem","position":3,"name":"Olio Extravergine Di Oliva Porto di Mola Cassetta Regalo in Legno"}]},{"@type":"WebSite","@id":"https:\/\/www.saporinostri.it\/#website","url":"https:\/\/www.saporinostri.it\/","name":"Sapori Nostri","description":"","publisher":{"@id":"https:\/\/www.saporinostri.it\/#organization"},"potentialAction":[{"@type":"SearchAction","target":{"@type":"EntryPoint","urlTemplate":"https:\/\/www.saporinostri.it\/?s={search_term_string}"},"query-input":{"@type":"PropertyValueSpecification","valueRequired":true,"valueName":"search_term_string"}}],"inLanguage":"fr-FR"},{"@type":"Organization","@id":"https:\/\/www.saporinostri.it\/#organization","name":"Sapori Nostri","url":"https:\/\/www.saporinostri.it\/","logo":{"@type":"ImageObject","inLanguage":"fr-FR","@id":"https:\/\/www.saporinostri.it\/#\/schema\/logo\/image\/","url":"https:\/\/www.saporinostri.it\/wp-content\/uploads\/2020\/05\/logo-retina.png","contentUrl":"https:\/\/www.saporinostri.it\/wp-content\/uploads\/2020\/05\/logo-retina.png","width":500,"height":109,"caption":"Sapori Nostri"},"image":{"@id":"https:\/\/www.saporinostri.it\/#\/schema\/logo\/image\/"},"sameAs":["https:\/\/www.facebook.com\/saporinostri.it\/","https:\/\/www.instagram.com\/saporinostri.it\/"]}]},"product_brand":"Porto di Mola","product_price_amount":"49.90","product_price_currency":"EUR","og_availability":"out of stock","product_availability":"out of stock","product_condition":"new"},"jetpack_sharing_enabled":true,"brands":[{"id":191,"name":"Port de Mola","slug":"porto-di-mola"}],"_links":{"self":[{"href":"https:\/\/www.saporinostri.it\/fr\/wp-json\/wp\/v2\/product\/4429","targetHints":{"allow":["GET"]}}],"collection":[{"href":"https:\/\/www.saporinostri.it\/fr\/wp-json\/wp\/v2\/product"}],"about":[{"href":"https:\/\/www.saporinostri.it\/fr\/wp-json\/wp\/v2\/types\/product"}],"replies":[{"embeddable":true,"href":"https:\/\/www.saporinostri.it\/fr\/wp-json\/wp\/v2\/comments?post=4429"}],"wp:featuredmedia":[{"embeddable":true,"href":"https:\/\/www.saporinostri.it\/fr\/wp-json\/wp\/v2\/media\/4431"}],"wp:attachment":[{"href":"https:\/\/www.saporinostri.it\/fr\/wp-json\/wp\/v2\/media?parent=4429"}],"wp:term":[{"taxonomy":"pwb-brand","embeddable":true,"href":"https:\/\/www.saporinostri.it\/fr\/wp-json\/wp\/v2\/pwb-brand?post=4429"},{"taxonomy":"product_brand","embeddable":true,"href":"https:\/\/www.saporinostri.it\/fr\/wp-json\/wp\/v2\/product_brand?post=4429"},{"taxonomy":"product_cat","embeddable":true,"href":"https:\/\/www.saporinostri.it\/fr\/wp-json\/wp\/v2\/product_cat?post=4429"},{"taxonomy":"product_tag","embeddable":true,"href":"https:\/\/www.saporinostri.it\/fr\/wp-json\/wp\/v2\/product_tag?post=4429"}],"curies":[{"name":"wp","href":"https:\/\/api.w.org\/{rel}","templated":true}]}}