{"id":5987,"date":"2021-01-11T16:36:57","date_gmt":"2021-01-11T15:36:57","guid":{"rendered":"https:\/\/woocommerce-587295-4567585.cloudwaysapps.com\/?post_type=product&#038;p=5987"},"modified":"2024-11-05T18:39:15","modified_gmt":"2024-11-05T17:39:15","slug":"scialatielli-orogiallo-500g","status":"publish","type":"product","link":"https:\/\/www.saporinostri.it\/fr\/scialatielli-orogiallo-500g\/","title":{"rendered":"Scialatielli OroJaune 500g"},"content":{"rendered":"<p>La p\u00e2te de l&#039;OroGiallo Scialatielli est compos\u00e9e de semoule de bl\u00e9 dur et d&#039;eau. Sans conservateurs ni additifs d&#039;aucune sorte. Produit qui se distingue par sa qualit\u00e9 gr\u00e2ce \u00e0 des processus minutieux de broyage et de fabrication de p\u00e2tes, des m\u00e9thodes de production artisanales et un s\u00e9chage naturel.<\/p>\n<p><strong>Ingr\u00e9dients:<\/strong> Semoule de bl\u00e9 dur, eau.<\/p>","protected":false},"excerpt":{"rendered":"<p>Les Scialatielli OroGiallo sont produits exclusivement avec des grains soigneusement s\u00e9lectionn\u00e9s. Le produit final ne cuit pas trop, a une saveur et une couleur caract\u00e9ristiques, est rugueux et se marie bien avec n&#039;importe quel assaisonnement.<\/p>\n<p><strong>Poids net:<\/strong> 500g<br \/>\n<strong>Cuisson:<\/strong> 20 minutes<\/p>","protected":false},"featured_media":11929,"comment_status":"open","ping_status":"closed","template":"","meta":{"_acf_changed":false,"inline_featured_image":false,"wprm-recipe-roundup-name":"","wprm-recipe-roundup-description":"","_monsterinsights_skip_tracking":false,"_monsterinsights_sitenote_active":false,"_monsterinsights_sitenote_note":"","_monsterinsights_sitenote_category":0},"pwb-brand":[409],"product_brand":[],"product_cat":[407],"product_tag":[],"class_list":{"0":"post-5987","1":"product","2":"type-product","3":"status-publish","4":"has-post-thumbnail","6":"pwb-brand-orogiallo","7":"product_cat-pasta-artigianale","9":"first","10":"outofstock","11":"sale","12":"taxable","13":"shipping-taxable","14":"purchasable","15":"product-type-simple"},"acf":[],"yoast_head":"<!-- This site is optimized with the Yoast SEO Premium plugin v23.7 (Yoast SEO v27.3) - https:\/\/yoast.com\/product\/yoast-seo-premium-wordpress\/ -->\n<title>Scialatielli OroGiallo 500g - Pasta Artigianale - Sapori Nostri<\/title>\n<meta name=\"description\" content=\"Gli Scialatielli OroGiallo sono prodotti esclusivamente con grani selezionati, acquista le migliori paste artigianali online su Sapori Nostri\" \/>\n<meta name=\"robots\" content=\"index, follow, max-snippet:-1, max-image-preview:large, max-video-preview:-1\" \/>\n<link rel=\"canonical\" href=\"https:\/\/www.saporinostri.it\/fr\/scialatielli-orogiallo-500g\/\" \/>\n<meta property=\"og:locale\" content=\"fr_FR\" \/>\n<meta property=\"og:type\" content=\"article\" \/>\n<meta property=\"og:title\" content=\"Scialatielli OroGiallo 500g\" \/>\n<meta property=\"og:description\" content=\"Gli Scialatielli OroGiallo sono prodotti esclusivamente con grani selezionati, acquista le migliori paste artigianali online su Sapori Nostri\" \/>\n<meta property=\"og:url\" content=\"https:\/\/www.saporinostri.it\/fr\/scialatielli-orogiallo-500g\/\" \/>\n<meta property=\"og:site_name\" content=\"Sapori Nostri\" \/>\n<meta property=\"article:publisher\" content=\"https:\/\/www.facebook.com\/saporinostri.it\/\" \/>\n<meta property=\"article:modified_time\" content=\"2024-11-05T17:39:15+00:00\" \/>\n<meta property=\"og:image\" content=\"https:\/\/www.saporinostri.it\/wp-content\/uploads\/2021\/01\/scialatielli-caserecci-orogiallo-front.jpg\" \/>\n\t<meta property=\"og:image:width\" content=\"1500\" \/>\n\t<meta property=\"og:image:height\" content=\"1500\" \/>\n\t<meta property=\"og:image:type\" content=\"image\/jpeg\" \/>\n<meta name=\"twitter:card\" content=\"summary_large_image\" \/>\n<meta name=\"twitter:label1\" content=\"Prix\" \/>\n\t<meta name=\"twitter:data1\" content=\"&euro;3,29\" \/>\n\t<meta name=\"twitter:label2\" content=\"Disponibilit\u00e9\" \/>\n\t<meta name=\"twitter:data2\" content=\"Rupture de stock\" \/>\n<script type=\"application\/ld+json\" class=\"yoast-schema-graph\">{\"@context\":\"https:\\\/\\\/schema.org\",\"@graph\":[{\"@type\":\"WebPage\",\"@id\":\"https:\\\/\\\/www.saporinostri.it\\\/scialatielli-orogiallo-500g\\\/\",\"url\":\"https:\\\/\\\/www.saporinostri.it\\\/scialatielli-orogiallo-500g\\\/\",\"name\":\"Scialatielli OroGiallo 500g - Pasta Artigianale - Sapori Nostri\",\"isPartOf\":{\"@id\":\"https:\\\/\\\/www.saporinostri.it\\\/#website\"},\"primaryImageOfPage\":{\"@id\":\"https:\\\/\\\/www.saporinostri.it\\\/scialatielli-orogiallo-500g\\\/#primaryimage\"},\"image\":{\"@id\":\"https:\\\/\\\/www.saporinostri.it\\\/scialatielli-orogiallo-500g\\\/#primaryimage\"},\"thumbnailUrl\":\"https:\\\/\\\/www.saporinostri.it\\\/wp-content\\\/uploads\\\/2021\\\/01\\\/scialatielli-caserecci-orogiallo-front.jpg\",\"datePublished\":\"2021-01-11T15:36:57+00:00\",\"dateModified\":\"2024-11-05T17:39:15+00:00\",\"description\":\"Gli Scialatielli OroGiallo sono prodotti esclusivamente con grani selezionati, acquista le migliori paste artigianali online su Sapori Nostri\",\"breadcrumb\":{\"@id\":\"https:\\\/\\\/www.saporinostri.it\\\/scialatielli-orogiallo-500g\\\/#breadcrumb\"},\"inLanguage\":\"fr-FR\",\"potentialAction\":[{\"@type\":\"ReadAction\",\"target\":[\"https:\\\/\\\/www.saporinostri.it\\\/scialatielli-orogiallo-500g\\\/\"]}]},{\"@type\":\"ImageObject\",\"inLanguage\":\"fr-FR\",\"@id\":\"https:\\\/\\\/www.saporinostri.it\\\/scialatielli-orogiallo-500g\\\/#primaryimage\",\"url\":\"https:\\\/\\\/www.saporinostri.it\\\/wp-content\\\/uploads\\\/2021\\\/01\\\/scialatielli-caserecci-orogiallo-front.jpg\",\"contentUrl\":\"https:\\\/\\\/www.saporinostri.it\\\/wp-content\\\/uploads\\\/2021\\\/01\\\/scialatielli-caserecci-orogiallo-front.jpg\",\"width\":1500,\"height\":1500,\"caption\":\"Scialatielli OroGiallo 500g\"},{\"@type\":\"BreadcrumbList\",\"@id\":\"https:\\\/\\\/www.saporinostri.it\\\/scialatielli-orogiallo-500g\\\/#breadcrumb\",\"itemListElement\":[{\"@type\":\"ListItem\",\"position\":1,\"name\":\"Home\",\"item\":\"https:\\\/\\\/www.saporinostri.it\\\/\"},{\"@type\":\"ListItem\",\"position\":2,\"name\":\"Shop\",\"item\":\"https:\\\/\\\/www.saporinostri.it\\\/fr\\\/shop\\\/\"},{\"@type\":\"ListItem\",\"position\":3,\"name\":\"Scialatielli OroGiallo 500g\"}]},{\"@type\":\"WebSite\",\"@id\":\"https:\\\/\\\/www.saporinostri.it\\\/#website\",\"url\":\"https:\\\/\\\/www.saporinostri.it\\\/\",\"name\":\"Sapori Nostri\",\"description\":\"\",\"publisher\":{\"@id\":\"https:\\\/\\\/www.saporinostri.it\\\/#organization\"},\"potentialAction\":[{\"@type\":\"SearchAction\",\"target\":{\"@type\":\"EntryPoint\",\"urlTemplate\":\"https:\\\/\\\/www.saporinostri.it\\\/?s={search_term_string}\"},\"query-input\":{\"@type\":\"PropertyValueSpecification\",\"valueRequired\":true,\"valueName\":\"search_term_string\"}}],\"inLanguage\":\"fr-FR\"},{\"@type\":\"Organization\",\"@id\":\"https:\\\/\\\/www.saporinostri.it\\\/#organization\",\"name\":\"Sapori Nostri\",\"url\":\"https:\\\/\\\/www.saporinostri.it\\\/\",\"logo\":{\"@type\":\"ImageObject\",\"inLanguage\":\"fr-FR\",\"@id\":\"https:\\\/\\\/www.saporinostri.it\\\/#\\\/schema\\\/logo\\\/image\\\/\",\"url\":\"https:\\\/\\\/www.saporinostri.it\\\/wp-content\\\/uploads\\\/2020\\\/05\\\/logo-retina.png\",\"contentUrl\":\"https:\\\/\\\/www.saporinostri.it\\\/wp-content\\\/uploads\\\/2020\\\/05\\\/logo-retina.png\",\"width\":500,\"height\":109,\"caption\":\"Sapori Nostri\"},\"image\":{\"@id\":\"https:\\\/\\\/www.saporinostri.it\\\/#\\\/schema\\\/logo\\\/image\\\/\"},\"sameAs\":[\"https:\\\/\\\/www.facebook.com\\\/saporinostri.it\\\/\",\"https:\\\/\\\/www.instagram.com\\\/saporinostri.it\\\/\"]}]}<\/script>\n<meta property=\"product:brand\" content=\"OroGiallo\" \/>\n<meta property=\"product:price:amount\" content=\"3.29\" \/>\n<meta property=\"product:price:currency\" content=\"EUR\" \/>\n<meta property=\"og:availability\" content=\"out of stock\" \/>\n<meta property=\"product:availability\" content=\"out of stock\" \/>\n<meta property=\"product:retailer_item_id\" content=\"8015793110517\" \/>\n<meta property=\"product:condition\" content=\"new\" \/>\n<!-- \/ Yoast SEO Premium plugin. -->","yoast_head_json":{"title":"Scialatielli OroGiallo 500g - P\u00e2tes Artisanales - Nos Saveurs","description":"Les Scialatielli OroGiallo sont produits exclusivement avec des grains s\u00e9lectionn\u00e9s, achetez les meilleures p\u00e2tes artisanales en ligne sur Sapori Our","robots":{"index":"index","follow":"follow","max-snippet":"max-snippet:-1","max-image-preview":"max-image-preview:large","max-video-preview":"max-video-preview:-1"},"canonical":"https:\/\/www.saporinostri.it\/fr\/scialatielli-orogiallo-500g\/","og_locale":"fr_FR","og_type":"article","og_title":"Scialatielli OroGiallo 500g","og_description":"Gli Scialatielli OroGiallo sono prodotti esclusivamente con grani selezionati, acquista le migliori paste artigianali online su Sapori Nostri","og_url":"https:\/\/www.saporinostri.it\/fr\/scialatielli-orogiallo-500g\/","og_site_name":"Sapori Nostri","article_publisher":"https:\/\/www.facebook.com\/saporinostri.it\/","article_modified_time":"2024-11-05T17:39:15+00:00","og_image":[{"width":1500,"height":1500,"url":"https:\/\/www.saporinostri.it\/wp-content\/uploads\/2021\/01\/scialatielli-caserecci-orogiallo-front.jpg","type":"image\/jpeg"}],"twitter_card":"summary_large_image","twitter_misc":{"Prix":"&euro;3,29","Disponibilit\u00e9":"Rupture de stock"},"schema":{"@context":"https:\/\/schema.org","@graph":[{"@type":"WebPage","@id":"https:\/\/www.saporinostri.it\/scialatielli-orogiallo-500g\/","url":"https:\/\/www.saporinostri.it\/scialatielli-orogiallo-500g\/","name":"Scialatielli OroGiallo 500g - P\u00e2tes Artisanales - Nos Saveurs","isPartOf":{"@id":"https:\/\/www.saporinostri.it\/#website"},"primaryImageOfPage":{"@id":"https:\/\/www.saporinostri.it\/scialatielli-orogiallo-500g\/#primaryimage"},"image":{"@id":"https:\/\/www.saporinostri.it\/scialatielli-orogiallo-500g\/#primaryimage"},"thumbnailUrl":"https:\/\/www.saporinostri.it\/wp-content\/uploads\/2021\/01\/scialatielli-caserecci-orogiallo-front.jpg","datePublished":"2021-01-11T15:36:57+00:00","dateModified":"2024-11-05T17:39:15+00:00","description":"Les Scialatielli OroGiallo sont produits exclusivement avec des grains s\u00e9lectionn\u00e9s, achetez les meilleures p\u00e2tes artisanales en ligne sur Sapori Our","breadcrumb":{"@id":"https:\/\/www.saporinostri.it\/scialatielli-orogiallo-500g\/#breadcrumb"},"inLanguage":"fr-FR","potentialAction":[{"@type":"ReadAction","target":["https:\/\/www.saporinostri.it\/scialatielli-orogiallo-500g\/"]}]},{"@type":"ImageObject","inLanguage":"fr-FR","@id":"https:\/\/www.saporinostri.it\/scialatielli-orogiallo-500g\/#primaryimage","url":"https:\/\/www.saporinostri.it\/wp-content\/uploads\/2021\/01\/scialatielli-caserecci-orogiallo-front.jpg","contentUrl":"https:\/\/www.saporinostri.it\/wp-content\/uploads\/2021\/01\/scialatielli-caserecci-orogiallo-front.jpg","width":1500,"height":1500,"caption":"Scialatielli OroGiallo 500g"},{"@type":"BreadcrumbList","@id":"https:\/\/www.saporinostri.it\/scialatielli-orogiallo-500g\/#breadcrumb","itemListElement":[{"@type":"ListItem","position":1,"name":"Home","item":"https:\/\/www.saporinostri.it\/"},{"@type":"ListItem","position":2,"name":"Shop","item":"https:\/\/www.saporinostri.it\/fr\/shop\/"},{"@type":"ListItem","position":3,"name":"Scialatielli OroGiallo 500g"}]},{"@type":"WebSite","@id":"https:\/\/www.saporinostri.it\/#website","url":"https:\/\/www.saporinostri.it\/","name":"Sapori Nostri","description":"","publisher":{"@id":"https:\/\/www.saporinostri.it\/#organization"},"potentialAction":[{"@type":"SearchAction","target":{"@type":"EntryPoint","urlTemplate":"https:\/\/www.saporinostri.it\/?s={search_term_string}"},"query-input":{"@type":"PropertyValueSpecification","valueRequired":true,"valueName":"search_term_string"}}],"inLanguage":"fr-FR"},{"@type":"Organization","@id":"https:\/\/www.saporinostri.it\/#organization","name":"Sapori Nostri","url":"https:\/\/www.saporinostri.it\/","logo":{"@type":"ImageObject","inLanguage":"fr-FR","@id":"https:\/\/www.saporinostri.it\/#\/schema\/logo\/image\/","url":"https:\/\/www.saporinostri.it\/wp-content\/uploads\/2020\/05\/logo-retina.png","contentUrl":"https:\/\/www.saporinostri.it\/wp-content\/uploads\/2020\/05\/logo-retina.png","width":500,"height":109,"caption":"Sapori Nostri"},"image":{"@id":"https:\/\/www.saporinostri.it\/#\/schema\/logo\/image\/"},"sameAs":["https:\/\/www.facebook.com\/saporinostri.it\/","https:\/\/www.instagram.com\/saporinostri.it\/"]}]},"product_brand":"OroGiallo","product_price_amount":"3.29","product_price_currency":"EUR","og_availability":"out of stock","product_availability":"out of stock","product_retailer_item_id":"8015793110517","product_condition":"new"},"jetpack_sharing_enabled":true,"brands":[{"id":409,"name":"Or jaune","slug":"orogiallo"}],"_links":{"self":[{"href":"https:\/\/www.saporinostri.it\/fr\/wp-json\/wp\/v2\/product\/5987","targetHints":{"allow":["GET"]}}],"collection":[{"href":"https:\/\/www.saporinostri.it\/fr\/wp-json\/wp\/v2\/product"}],"about":[{"href":"https:\/\/www.saporinostri.it\/fr\/wp-json\/wp\/v2\/types\/product"}],"replies":[{"embeddable":true,"href":"https:\/\/www.saporinostri.it\/fr\/wp-json\/wp\/v2\/comments?post=5987"}],"wp:featuredmedia":[{"embeddable":true,"href":"https:\/\/www.saporinostri.it\/fr\/wp-json\/wp\/v2\/media\/11929"}],"wp:attachment":[{"href":"https:\/\/www.saporinostri.it\/fr\/wp-json\/wp\/v2\/media?parent=5987"}],"wp:term":[{"taxonomy":"pwb-brand","embeddable":true,"href":"https:\/\/www.saporinostri.it\/fr\/wp-json\/wp\/v2\/pwb-brand?post=5987"},{"taxonomy":"product_brand","embeddable":true,"href":"https:\/\/www.saporinostri.it\/fr\/wp-json\/wp\/v2\/product_brand?post=5987"},{"taxonomy":"product_cat","embeddable":true,"href":"https:\/\/www.saporinostri.it\/fr\/wp-json\/wp\/v2\/product_cat?post=5987"},{"taxonomy":"product_tag","embeddable":true,"href":"https:\/\/www.saporinostri.it\/fr\/wp-json\/wp\/v2\/product_tag?post=5987"}],"curies":[{"name":"wp","href":"https:\/\/api.w.org\/{rel}","templated":true}]}}