{"id":7653,"date":"2021-02-21T10:29:57","date_gmt":"2021-02-21T09:29:57","guid":{"rendered":"https:\/\/woocommerce-587295-4567585.cloudwaysapps.com\/?post_type=product&#038;p=7653"},"modified":"2026-04-01T02:32:03","modified_gmt":"2026-04-01T00:32:03","slug":"datterino-rosso-pelato-in-succo-cosi-come-350g","status":"publish","type":"product","link":"https:\/\/www.saporinostri.it\/fr\/datterino-rosso-pelato-in-succo-cosi-come-350g\/","title":{"rendered":"Tomates Datterino rouges \u00e9pluch\u00e9es en jus tel quel 350g"},"content":{"rendered":"<p style=\"font-size: 1.1em; line-height: 1.3em; color: #333;\">Conserve de l\u00e9gumes de tomates cerises pel\u00e9es type datterino, stabilis\u00e9es par traitement thermique.<\/p>","protected":false},"excerpt":{"rendered":"<p style=\"font-size: 1.1em; line-height: 1.3em; color: #333;\">Il est conserv\u00e9 dans son jus, ou plong\u00e9 dans sa propre pulpe pour conserver son go\u00fbt doux et \u00e9quilibr\u00e9, et se distingue par la forte teneur en sucre qui le rend particuli\u00e8rement savoureux et lui donne toute sa saveur. Il est parfait pour donner une note de caract\u00e8re aux recettes, et \u00e9tant sans \u00e9corce il convient \u00e9galement \u00e0 la pr\u00e9paration de sauces, cr\u00e8mes ou velout\u00e9es.<\/p>\n<p style=\"font-size: 1.1em; line-height: 1.3em; color: #333;\"><strong>Poids net:<\/strong> 350g<\/p>\n<p style=\"font-size: 1.1em; line-height: 1.3em; color: #333;\"><strong>Poids \u00e9goutt\u00e9\u00a0:<\/strong> 210 grammes<\/p>\n<p><img decoding=\"async\" class=\"alignnone wp-image-7641 lazyload\" data-src=\"https:\/\/www.saporinostri.it\/wp-content\/uploads\/2021\/02\/gambero-rosso.png\" alt=\"\" width=\"95\" height=\"80\" data-srcset=\"https:\/\/www.saporinostri.it\/wp-content\/uploads\/2021\/02\/gambero-rosso.png 239w, https:\/\/www.saporinostri.it\/wp-content\/uploads\/2021\/02\/gambero-rosso-150x126.png 150w, https:\/\/www.saporinostri.it\/wp-content\/uploads\/2021\/02\/gambero-rosso-239x201.png 600w, https:\/\/www.saporinostri.it\/wp-content\/uploads\/2021\/02\/gambero-rosso-100x84.png 100w\" data-sizes=\"(max-width: 95px) 100vw, 95px\" src=\"data:image\/gif;base64,R0lGODlhAQABAAAAACH5BAEKAAEALAAAAAABAAEAAAICTAEAOw==\" style=\"--smush-placeholder-width: 95px; --smush-placeholder-aspect-ratio: 95\/80;\" \/><noscript><img decoding=\"async\" class=\"alignnone wp-image-7641\" src=\"https:\/\/www.saporinostri.it\/wp-content\/uploads\/2021\/02\/gambero-rosso.png\" alt=\"\" width=\"95\" height=\"80\" srcset=\"https:\/\/www.saporinostri.it\/wp-content\/uploads\/2021\/02\/gambero-rosso.png 239w, https:\/\/www.saporinostri.it\/wp-content\/uploads\/2021\/02\/gambero-rosso-150x126.png 150w, https:\/\/www.saporinostri.it\/wp-content\/uploads\/2021\/02\/gambero-rosso-239x201.png 600w, https:\/\/www.saporinostri.it\/wp-content\/uploads\/2021\/02\/gambero-rosso-100x84.png 100w\" sizes=\"(max-width: 95px) 100vw, 95px\" \/><\/noscript><\/p>","protected":false},"featured_media":7654,"comment_status":"open","ping_status":"closed","template":"","meta":{"_acf_changed":false,"inline_featured_image":false,"wprm-recipe-roundup-name":"","wprm-recipe-roundup-description":"","_monsterinsights_skip_tracking":false,"_monsterinsights_sitenote_active":false,"_monsterinsights_sitenote_note":"","_monsterinsights_sitenote_category":0},"pwb-brand":[428],"product_brand":[],"product_cat":[412,427],"product_tag":[],"class_list":{"0":"post-7653","1":"product","2":"type-product","3":"status-publish","4":"has-post-thumbnail","6":"pwb-brand-cosi-come","7":"product_cat-conserve","8":"product_cat-pomodori","10":"first","11":"instock","12":"sale","13":"taxable","14":"shipping-taxable","15":"purchasable","16":"product-type-simple"},"acf":[],"yoast_head":"<!-- This site is optimized with the Yoast SEO Premium plugin v23.7 (Yoast SEO v27.3) - https:\/\/yoast.com\/product\/yoast-seo-premium-wordpress\/ -->\n<title>Datterino Rosso Pelato in Succo Cos\u00ec Com&#039;\u00e8 350g - Sapori Nostri<\/title>\n<meta name=\"description\" content=\"Datterino Rosso Pelato in Succo Cos\u00ec Com&#039;\u00e8 si distingue per l\u2019elevato grado zuccherino che lo rende gustoso e gli conferisce un sapore pieno\" \/>\n<meta name=\"robots\" content=\"index, follow, max-snippet:-1, max-image-preview:large, max-video-preview:-1\" \/>\n<link rel=\"canonical\" href=\"https:\/\/www.saporinostri.it\/fr\/datterino-rosso-pelato-in-succo-cosi-come-350g\/\" \/>\n<meta property=\"og:locale\" content=\"fr_FR\" \/>\n<meta property=\"og:type\" content=\"article\" \/>\n<meta property=\"og:title\" content=\"Datterino Rosso Pelato in Succo Cos\u00ec Com&#039;\u00e8 350g\" \/>\n<meta property=\"og:description\" content=\"Datterino Rosso Pelato in Succo Cos\u00ec Com&#039;\u00e8 si distingue per l\u2019elevato grado zuccherino che lo rende gustoso e gli conferisce un sapore pieno\" \/>\n<meta property=\"og:url\" content=\"https:\/\/www.saporinostri.it\/fr\/datterino-rosso-pelato-in-succo-cosi-come-350g\/\" \/>\n<meta property=\"og:site_name\" content=\"Sapori Nostri\" \/>\n<meta property=\"article:publisher\" content=\"https:\/\/www.facebook.com\/saporinostri.it\/\" \/>\n<meta property=\"article:modified_time\" content=\"2026-04-01T00:32:03+00:00\" \/>\n<meta property=\"og:image\" content=\"https:\/\/www.saporinostri.it\/wp-content\/uploads\/2021\/02\/datterino-rosso-pelato-in-succo-cosi-come-350g.jpg\" \/>\n\t<meta property=\"og:image:width\" content=\"1100\" \/>\n\t<meta property=\"og:image:height\" content=\"1100\" \/>\n\t<meta property=\"og:image:type\" content=\"image\/jpeg\" \/>\n<meta name=\"twitter:card\" content=\"summary_large_image\" \/>\n<meta name=\"twitter:label1\" content=\"Prix\" \/>\n\t<meta name=\"twitter:data1\" content=\"&euro;3,20\" \/>\n\t<meta name=\"twitter:label2\" content=\"Disponibilit\u00e9\" \/>\n\t<meta name=\"twitter:data2\" content=\"En stock\" \/>\n<script type=\"application\/ld+json\" class=\"yoast-schema-graph\">{\"@context\":\"https:\\\/\\\/schema.org\",\"@graph\":[{\"@type\":\"WebPage\",\"@id\":\"https:\\\/\\\/www.saporinostri.it\\\/datterino-rosso-pelato-in-succo-cosi-come-350g\\\/\",\"url\":\"https:\\\/\\\/www.saporinostri.it\\\/datterino-rosso-pelato-in-succo-cosi-come-350g\\\/\",\"name\":\"Datterino Rosso Pelato in Succo Cos\u00ec Com'\u00e8 350g - Sapori Nostri\",\"isPartOf\":{\"@id\":\"https:\\\/\\\/www.saporinostri.it\\\/#website\"},\"primaryImageOfPage\":{\"@id\":\"https:\\\/\\\/www.saporinostri.it\\\/datterino-rosso-pelato-in-succo-cosi-come-350g\\\/#primaryimage\"},\"image\":{\"@id\":\"https:\\\/\\\/www.saporinostri.it\\\/datterino-rosso-pelato-in-succo-cosi-come-350g\\\/#primaryimage\"},\"thumbnailUrl\":\"https:\\\/\\\/www.saporinostri.it\\\/wp-content\\\/uploads\\\/2021\\\/02\\\/datterino-rosso-pelato-in-succo-cosi-come-350g.jpg\",\"datePublished\":\"2021-02-21T09:29:57+00:00\",\"dateModified\":\"2026-04-01T00:32:03+00:00\",\"description\":\"Datterino Rosso Pelato in Succo Cos\u00ec Com'\u00e8 si distingue per l\u2019elevato grado zuccherino che lo rende gustoso e gli conferisce un sapore pieno\",\"breadcrumb\":{\"@id\":\"https:\\\/\\\/www.saporinostri.it\\\/datterino-rosso-pelato-in-succo-cosi-come-350g\\\/#breadcrumb\"},\"inLanguage\":\"fr-FR\",\"potentialAction\":[{\"@type\":\"ReadAction\",\"target\":[\"https:\\\/\\\/www.saporinostri.it\\\/datterino-rosso-pelato-in-succo-cosi-come-350g\\\/\"]}]},{\"@type\":\"ImageObject\",\"inLanguage\":\"fr-FR\",\"@id\":\"https:\\\/\\\/www.saporinostri.it\\\/datterino-rosso-pelato-in-succo-cosi-come-350g\\\/#primaryimage\",\"url\":\"https:\\\/\\\/www.saporinostri.it\\\/wp-content\\\/uploads\\\/2021\\\/02\\\/datterino-rosso-pelato-in-succo-cosi-come-350g.jpg\",\"contentUrl\":\"https:\\\/\\\/www.saporinostri.it\\\/wp-content\\\/uploads\\\/2021\\\/02\\\/datterino-rosso-pelato-in-succo-cosi-come-350g.jpg\",\"width\":1100,\"height\":1100,\"caption\":\"Datterino Rosso Pelato in Succo Cos\u00ec Com'\u00e8 350g\"},{\"@type\":\"BreadcrumbList\",\"@id\":\"https:\\\/\\\/www.saporinostri.it\\\/datterino-rosso-pelato-in-succo-cosi-come-350g\\\/#breadcrumb\",\"itemListElement\":[{\"@type\":\"ListItem\",\"position\":1,\"name\":\"Home\",\"item\":\"https:\\\/\\\/www.saporinostri.it\\\/\"},{\"@type\":\"ListItem\",\"position\":2,\"name\":\"Shop\",\"item\":\"https:\\\/\\\/www.saporinostri.it\\\/fr\\\/shop\\\/\"},{\"@type\":\"ListItem\",\"position\":3,\"name\":\"Datterino Rosso Pelato in Succo Cos\u00ec Com&#8217;\u00e8 350g\"}]},{\"@type\":\"WebSite\",\"@id\":\"https:\\\/\\\/www.saporinostri.it\\\/#website\",\"url\":\"https:\\\/\\\/www.saporinostri.it\\\/\",\"name\":\"Sapori Nostri\",\"description\":\"\",\"publisher\":{\"@id\":\"https:\\\/\\\/www.saporinostri.it\\\/#organization\"},\"potentialAction\":[{\"@type\":\"SearchAction\",\"target\":{\"@type\":\"EntryPoint\",\"urlTemplate\":\"https:\\\/\\\/www.saporinostri.it\\\/?s={search_term_string}\"},\"query-input\":{\"@type\":\"PropertyValueSpecification\",\"valueRequired\":true,\"valueName\":\"search_term_string\"}}],\"inLanguage\":\"fr-FR\"},{\"@type\":\"Organization\",\"@id\":\"https:\\\/\\\/www.saporinostri.it\\\/#organization\",\"name\":\"Sapori Nostri\",\"url\":\"https:\\\/\\\/www.saporinostri.it\\\/\",\"logo\":{\"@type\":\"ImageObject\",\"inLanguage\":\"fr-FR\",\"@id\":\"https:\\\/\\\/www.saporinostri.it\\\/#\\\/schema\\\/logo\\\/image\\\/\",\"url\":\"https:\\\/\\\/www.saporinostri.it\\\/wp-content\\\/uploads\\\/2020\\\/05\\\/logo-retina.png\",\"contentUrl\":\"https:\\\/\\\/www.saporinostri.it\\\/wp-content\\\/uploads\\\/2020\\\/05\\\/logo-retina.png\",\"width\":500,\"height\":109,\"caption\":\"Sapori Nostri\"},\"image\":{\"@id\":\"https:\\\/\\\/www.saporinostri.it\\\/#\\\/schema\\\/logo\\\/image\\\/\"},\"sameAs\":[\"https:\\\/\\\/www.facebook.com\\\/saporinostri.it\\\/\",\"https:\\\/\\\/www.instagram.com\\\/saporinostri.it\\\/\"]}]}<\/script>\n<meta property=\"product:brand\" content=\"Cos\u00ec Com&#039;\u00e8\" \/>\n<meta property=\"product:price:amount\" content=\"3.20\" \/>\n<meta property=\"product:price:currency\" content=\"EUR\" \/>\n<meta property=\"og:availability\" content=\"instock\" \/>\n<meta property=\"product:availability\" content=\"instock\" \/>\n<meta property=\"product:retailer_item_id\" content=\"8017995100723\" \/>\n<meta property=\"product:condition\" content=\"new\" \/>\n<!-- \/ Yoast SEO Premium plugin. -->","yoast_head_json":{"title":"Datterino rouge \u00e9pluch\u00e9 en jus tel quel 350g - Sapori Nostra","description":"Datterino Rosso \u00e9pluch\u00e9 dans le jus tel quel Il se distingue par la teneur \u00e9lev\u00e9e en sucre qui le rend savoureux et lui donne une saveur pleine","robots":{"index":"index","follow":"follow","max-snippet":"max-snippet:-1","max-image-preview":"max-image-preview:large","max-video-preview":"max-video-preview:-1"},"canonical":"https:\/\/www.saporinostri.it\/fr\/datterino-rosso-pelato-in-succo-cosi-come-350g\/","og_locale":"fr_FR","og_type":"article","og_title":"Datterino Rosso Pelato in Succo Cos\u00ec Com'\u00e8 350g","og_description":"Datterino Rosso Pelato in Succo Cos\u00ec Com'\u00e8 si distingue per l\u2019elevato grado zuccherino che lo rende gustoso e gli conferisce un sapore pieno","og_url":"https:\/\/www.saporinostri.it\/fr\/datterino-rosso-pelato-in-succo-cosi-come-350g\/","og_site_name":"Sapori Nostri","article_publisher":"https:\/\/www.facebook.com\/saporinostri.it\/","article_modified_time":"2026-04-01T00:32:03+00:00","og_image":[{"width":1100,"height":1100,"url":"https:\/\/www.saporinostri.it\/wp-content\/uploads\/2021\/02\/datterino-rosso-pelato-in-succo-cosi-come-350g.jpg","type":"image\/jpeg"}],"twitter_card":"summary_large_image","twitter_misc":{"Prix":"&euro;3,20","Disponibilit\u00e9":"En stock"},"schema":{"@context":"https:\/\/schema.org","@graph":[{"@type":"WebPage","@id":"https:\/\/www.saporinostri.it\/datterino-rosso-pelato-in-succo-cosi-come-350g\/","url":"https:\/\/www.saporinostri.it\/datterino-rosso-pelato-in-succo-cosi-come-350g\/","name":"Datterino rouge \u00e9pluch\u00e9 en jus tel quel 350g - Sapori Nostra","isPartOf":{"@id":"https:\/\/www.saporinostri.it\/#website"},"primaryImageOfPage":{"@id":"https:\/\/www.saporinostri.it\/datterino-rosso-pelato-in-succo-cosi-come-350g\/#primaryimage"},"image":{"@id":"https:\/\/www.saporinostri.it\/datterino-rosso-pelato-in-succo-cosi-come-350g\/#primaryimage"},"thumbnailUrl":"https:\/\/www.saporinostri.it\/wp-content\/uploads\/2021\/02\/datterino-rosso-pelato-in-succo-cosi-come-350g.jpg","datePublished":"2021-02-21T09:29:57+00:00","dateModified":"2026-04-01T00:32:03+00:00","description":"Datterino Rosso \u00e9pluch\u00e9 dans le jus tel quel Il se distingue par la teneur \u00e9lev\u00e9e en sucre qui le rend savoureux et lui donne une saveur pleine","breadcrumb":{"@id":"https:\/\/www.saporinostri.it\/datterino-rosso-pelato-in-succo-cosi-come-350g\/#breadcrumb"},"inLanguage":"fr-FR","potentialAction":[{"@type":"ReadAction","target":["https:\/\/www.saporinostri.it\/datterino-rosso-pelato-in-succo-cosi-come-350g\/"]}]},{"@type":"ImageObject","inLanguage":"fr-FR","@id":"https:\/\/www.saporinostri.it\/datterino-rosso-pelato-in-succo-cosi-come-350g\/#primaryimage","url":"https:\/\/www.saporinostri.it\/wp-content\/uploads\/2021\/02\/datterino-rosso-pelato-in-succo-cosi-come-350g.jpg","contentUrl":"https:\/\/www.saporinostri.it\/wp-content\/uploads\/2021\/02\/datterino-rosso-pelato-in-succo-cosi-come-350g.jpg","width":1100,"height":1100,"caption":"Datterino Rosso Pelato in Succo Cos\u00ec Com'\u00e8 350g"},{"@type":"BreadcrumbList","@id":"https:\/\/www.saporinostri.it\/datterino-rosso-pelato-in-succo-cosi-come-350g\/#breadcrumb","itemListElement":[{"@type":"ListItem","position":1,"name":"Home","item":"https:\/\/www.saporinostri.it\/"},{"@type":"ListItem","position":2,"name":"Shop","item":"https:\/\/www.saporinostri.it\/fr\/shop\/"},{"@type":"ListItem","position":3,"name":"Datterino Rosso Pelato in Succo Cos\u00ec Com&#8217;\u00e8 350g"}]},{"@type":"WebSite","@id":"https:\/\/www.saporinostri.it\/#website","url":"https:\/\/www.saporinostri.it\/","name":"Sapori Nostri","description":"","publisher":{"@id":"https:\/\/www.saporinostri.it\/#organization"},"potentialAction":[{"@type":"SearchAction","target":{"@type":"EntryPoint","urlTemplate":"https:\/\/www.saporinostri.it\/?s={search_term_string}"},"query-input":{"@type":"PropertyValueSpecification","valueRequired":true,"valueName":"search_term_string"}}],"inLanguage":"fr-FR"},{"@type":"Organization","@id":"https:\/\/www.saporinostri.it\/#organization","name":"Sapori Nostri","url":"https:\/\/www.saporinostri.it\/","logo":{"@type":"ImageObject","inLanguage":"fr-FR","@id":"https:\/\/www.saporinostri.it\/#\/schema\/logo\/image\/","url":"https:\/\/www.saporinostri.it\/wp-content\/uploads\/2020\/05\/logo-retina.png","contentUrl":"https:\/\/www.saporinostri.it\/wp-content\/uploads\/2020\/05\/logo-retina.png","width":500,"height":109,"caption":"Sapori Nostri"},"image":{"@id":"https:\/\/www.saporinostri.it\/#\/schema\/logo\/image\/"},"sameAs":["https:\/\/www.facebook.com\/saporinostri.it\/","https:\/\/www.instagram.com\/saporinostri.it\/"]}]},"product_brand":"Cos\u00ec Com'\u00e8","product_price_amount":"3.20","product_price_currency":"EUR","og_availability":"instock","product_availability":"instock","product_retailer_item_id":"8017995100723","product_condition":"new"},"jetpack_sharing_enabled":true,"brands":[{"id":428,"name":"Aussi bien que","slug":"cosi-come"}],"_links":{"self":[{"href":"https:\/\/www.saporinostri.it\/fr\/wp-json\/wp\/v2\/product\/7653","targetHints":{"allow":["GET"]}}],"collection":[{"href":"https:\/\/www.saporinostri.it\/fr\/wp-json\/wp\/v2\/product"}],"about":[{"href":"https:\/\/www.saporinostri.it\/fr\/wp-json\/wp\/v2\/types\/product"}],"replies":[{"embeddable":true,"href":"https:\/\/www.saporinostri.it\/fr\/wp-json\/wp\/v2\/comments?post=7653"}],"wp:featuredmedia":[{"embeddable":true,"href":"https:\/\/www.saporinostri.it\/fr\/wp-json\/wp\/v2\/media\/7654"}],"wp:attachment":[{"href":"https:\/\/www.saporinostri.it\/fr\/wp-json\/wp\/v2\/media?parent=7653"}],"wp:term":[{"taxonomy":"pwb-brand","embeddable":true,"href":"https:\/\/www.saporinostri.it\/fr\/wp-json\/wp\/v2\/pwb-brand?post=7653"},{"taxonomy":"product_brand","embeddable":true,"href":"https:\/\/www.saporinostri.it\/fr\/wp-json\/wp\/v2\/product_brand?post=7653"},{"taxonomy":"product_cat","embeddable":true,"href":"https:\/\/www.saporinostri.it\/fr\/wp-json\/wp\/v2\/product_cat?post=7653"},{"taxonomy":"product_tag","embeddable":true,"href":"https:\/\/www.saporinostri.it\/fr\/wp-json\/wp\/v2\/product_tag?post=7653"}],"curies":[{"name":"wp","href":"https:\/\/api.w.org\/{rel}","templated":true}]}}